{"id":3275,"date":"2013-10-03T00:15:41","date_gmt":"2013-10-02T17:15:41","guid":{"rendered":"http:\/\/romantica.su\/?page_id=3275"},"modified":"2026-03-26T10:19:08","modified_gmt":"2026-03-26T03:19:08","slug":"romanticheskie-fotografii-love-story-v-tailande-na-samui","status":"publish","type":"page","link":"https:\/\/romantica.su\/fr\/romanticheskie-fotografii-love-story-v-tailande-na-samui\/","title":{"rendered":"Photos d'histoires d'amour romantiques en Tha\u00eflande"},"content":{"rendered":"<div class=\"et_pb_section_0 et_pb_section et_section_regular et_block_section\"><div class=\"et_pb_row_0 et_pb_row et_block_row\"><div class=\"et_pb_column_0 et_pb_column et_pb_column_4_4 et-last-child et_block_column et_pb_css_mix_blend_mode_passthrough\"><div class=\"et_pb_text_0 et_pb_text et_pb_bg_layout_light et_pb_module et_block_module\"><div class=\"et_pb_text_inner\"><p>\u041a\u0430\u0436\u0434\u043e\u0435 \u043c\u0433\u043d\u043e\u0432\u0435\u043d\u0438\u0435 \u043f\u0440\u043e\u0432\u0435\u0434\u0435\u043d\u043d\u043e\u0435 \u00a0\u043d\u0430 \u0435\u0434\u0438\u043d\u0435 \u0441\u043e \u0441\u0432\u043e\u0438\u043c \u043b\u044e\u0431\u0438\u043c\u044b\u043c \u0447\u0435\u043b\u043e\u0432\u0435\u043a\u043e\u043c \u0431\u0435\u0441\u0446\u0435\u043d\u043d\u043e\u00a0 \u0438 \u0442\u0430\u043a\u0438\u0435 \u043c\u043e\u043c\u0435\u043d\u0442\u044b \u0432\u0441\u0435\u0433\u0434\u0430 \u0445\u043e\u0447\u0435\u0442\u0441\u044f \u043f\u0440\u043e\u0434\u043b\u0438\u0442\u044c \u0438 \u0441\u043e\u0445\u0440\u0430\u043d\u0438\u0442\u044c \u0432 \u0441\u0432\u043e\u0435\u0439 \u043f\u0430\u043c\u044f\u0442\u0438.<\/p>\n<p>\u041c\u044b \u0440\u0430\u0434\u044b \u043f\u0440\u0435\u0434\u043b\u043e\u0436\u0438\u0442\u044c \u0412\u0430\u043c \u0443\u0441\u043b\u0443\u0433\u0438 \u043d\u0430\u0448\u0435\u0439 \u043f\u0440\u043e\u0444\u0435\u0441\u0441\u0438\u043e\u043d\u0430\u043b\u044c\u043d\u043e\u0439 \u043a\u043e\u043c\u0430\u043d\u0434\u044b\u00a0\u0444\u043e\u0442\u043e\u0433\u0440\u0430\u0444\u043e\u0432 \u0422\u0430\u0438\u043b\u0430\u043d\u0434\u0435, \u043a\u043e\u0442\u043e\u0440\u044b\u0435 \u00a0\u043f\u0440\u043e\u0432\u0435\u0434\u0443\u0442 \u0434\u043b\u044f \u0412\u0430\u0441 \u0440\u043e\u043c\u0430\u043d\u0442\u0438\u0447\u0435\u0441\u043a\u0443\u044e\u00a0\u0444\u043e\u0442\u043e\u0441\u0435\u0441\u0441\u0438\u044e \u0438\u043b\u0438\u00a0love\u00a0story.<\/p>\n<p>\u0420\u043e\u043c\u0430\u043d\u0442\u0438\u0447\u0435\u0441\u043a\u0430\u044f\u00a0\u0444\u043e\u0442\u043e\u0441\u0435\u0441\u0441\u0438\u044f \u044d\u0442\u043e \u0432\u043e\u0437\u043c\u043e\u0436\u043d\u043e\u0441\u0442\u044c \u0441\u043e\u0445\u0440\u0430\u043d\u0438\u0442\u044c \u043d\u0430 \u0434\u043e\u043b\u0433\u0443\u044e \u043f\u0430\u043c\u044f\u0442\u044c \u00a0\u0441\u0430\u043c\u044b\u0435 \u044f\u0440\u043a\u0438\u0435 \u0438 \u0446\u0435\u043d\u043d\u044b\u0435 \u043c\u043e\u043c\u0435\u043d\u0442\u044b \u0412\u0430\u0448\u0435\u0433\u043e \u0441\u043e\u0432\u043c\u0435\u0441\u0442\u043d\u043e\u0433\u043e \u043e\u0442\u0434\u044b\u0445\u0430 \u0432 \u0441\u0442\u0440\u0430\u043d\u0435 \u0443\u043b\u044b\u0431\u043e\u043a! \u041c\u044b \u0437\u0430\u043f\u0435\u0447\u0430\u0442\u043b\u0438\u043c \u00a0\u043d\u0430\u00a0\u0444\u043e\u0442\u043e\u0433\u0440\u0430\u0444\u0438\u044f\u0445 \u043c\u0433\u043d\u043e\u0432\u0435\u043d\u0438\u044f \u0440\u0430\u0434\u043e\u0441\u0442\u0438 \u0438 \u0441\u0447\u0430\u0441\u0442\u044c\u044f \u2013 \u0412\u0430\u0448\u0438 \u0447\u0443\u0432\u0441\u0442\u0432\u0430, \u0412\u0430\u0448\u0435 \u0442\u0440\u0435\u043f\u0435\u0442\u043d\u043e\u0435 \u043e\u0442\u043d\u043e\u0448\u0435\u043d\u0438\u0435 \u0434\u0440\u0443\u0433 \u043a \u0434\u0440\u0443\u0433\u0443.<\/p>\n<p>\u0414\u0435\u043a\u043e\u0440\u0430\u0446\u0438\u044f\u043c\u0438 \u043a \u0412\u0430\u0448\u0435\u0439 \u0440\u043e\u043c\u0430\u043d\u0442\u0438\u0447\u043d\u043e\u0439 \u0438\u0441\u0442\u043e\u0440\u0438\u0438 \u043b\u044e\u0431\u0432\u0438 \u0441\u0442\u0430\u043d\u0443\u0442 \u044f\u0440\u043a\u0438\u0435 \u043f\u0435\u0439\u0437\u0430\u0436\u0438 \u044d\u043a\u0437\u043e\u0442\u0438\u0447\u0435\u0441\u043a\u043e\u0433\u043e \u0422\u0430\u0438\u043b\u0430\u043d\u0434\u0430, \u043b\u0430\u0437\u0443\u0440\u043d\u044b\u0439 \u0431\u0435\u0440\u0435\u0433 \u0421\u0438\u0430\u043c\u0441\u043a\u043e\u0433\u043e \u0437\u0430\u043b\u0438\u0432\u0430, \u043f\u0440\u0430\u043a\u0442\u0438\u0447\u0435\u0441\u043a\u0438 \u0431\u0435\u043b\u043e\u0441\u043d\u0435\u0436\u043d\u044b\u0435 \u043f\u043b\u044f\u0436\u0438 \u043e\u0441\u0442\u0440\u043e\u0432\u043e\u0432, \u00a0\u0432\u043e\u043b\u043d\u0443\u044e\u0449\u0438\u0439 \u0437\u0430\u043a\u0430\u0442 \u0442\u0440\u043e\u043f\u0438\u0447\u0435\u0441\u043a\u043e\u0433\u043e \u0441\u043e\u043b\u043d\u0446\u0430, \u0432\u0435\u043b\u0438\u0447\u0435\u0441\u0442\u0432\u0435\u043d\u043d\u044b\u0435 \u0445\u0440\u0430\u043c\u043e\u0432\u044b\u0435 \u043a\u043e\u043c\u043f\u043b\u0435\u043a\u0441\u044b, \u0440\u043e\u0441\u043a\u043e\u0448\u043d\u044b\u0435 \u0431\u0435\u043b\u044b\u0435 \u044f\u0445\u0442\u044b \u0438 \u043a\u043e\u0440\u0430\u0431\u043b\u044c \u0441 \u0430\u043b\u044b\u043c\u0438 \u043f\u0430\u0440\u0443\u0441\u0430\u043c\u0438.<\/p>\n<p>\u0420\u043e\u043c\u0430\u043d\u0442\u0438\u0447\u0435\u0441\u043a\u0430\u044f\u00a0\u0444\u043e\u0442\u043e\u0441\u0435\u0441\u0441\u0438\u044f \u0432 \u0422\u0430\u0438\u043b\u0430\u043d\u0434\u0435 \u2013 \u044d\u0442\u043e \u043e\u0434\u0438\u043d \u0438\u0437 \u0441\u0430\u043c\u044b\u0445 \u043b\u0443\u0447\u0448\u0438\u0445 \u0438 \u0437\u0430\u043f\u043e\u043c\u0438\u043d\u0430\u044e\u0449\u0438\u0445\u0441\u044f \u043f\u043e\u0434\u0430\u0440\u043a\u043e\u0432 \u043d\u0430 \u0421\u0432\u0430\u0434\u0435\u0431\u043d\u043e\u0435 \u0442\u043e\u0440\u0436\u0435\u0441\u0442\u0432\u043e \u0438\u043b\u0438 \u043f\u0440\u043e\u0441\u0442\u043e \u0432 \u0437\u043d\u0430\u043a \u043b\u044e\u0431\u0432\u0438 \u043a \u0441\u0432\u043e\u0435\u0439 \u0432\u0442\u043e\u0440\u043e\u0439 \u043f\u043e\u043b\u043e\u0432\u0438\u043d\u043a\u0435.<\/p>\n<p>\u041d\u0430\u0448\u0438\u00a0\u0444\u043e\u0442\u043e\u0433\u0440\u0430\u0444\u044b \u043c\u043e\u0433\u0443\u0442 \u00a0\u0441\u043e\u043f\u0440\u043e\u0432\u043e\u0436\u0434\u0430\u0442\u044c \u0412\u0430\u0441 \u043d\u0430 \u043f\u0440\u043e\u0442\u044f\u0436\u0435\u043d\u0438\u0438 \u0446\u0435\u043b\u043e\u0433\u043e \u0434\u043d\u044f \u043b\u0438\u0431\u043e \u043f\u0440\u043e\u0432\u0435\u0441\u0442\u0438 \u0434\u043b\u044f \u0432\u0430\u0441 \u0440\u043e\u043c\u0430\u043d\u0442\u0438\u0447\u0435\u0441\u043a\u0443\u044e\u00a0\u0444\u043e\u0442\u043e\u0441\u0435\u0441\u0441\u0438\u044e \u0432 \u0442\u0435\u0447\u0435\u043d\u0438\u0435 \u043d\u0435\u0441\u043a\u043e\u043b\u044c\u043a\u0438\u0445 \u0447\u0430\u0441\u043e\u0432. \u0412 \u043d\u0435\u0437\u0430\u0432\u0438\u0441\u0438\u043c\u043e\u0441\u0442\u0438 \u043e\u0442 \u043f\u0440\u043e\u0434\u043e\u043b\u0436\u0438\u0442\u0435\u043b\u044c\u043d\u043e\u0441\u0442\u0438 \u0412\u044b \u043f\u043e\u043b\u0443\u0447\u0438\u0442\u0435 \u043c\u043e\u0440\u0435 \u043f\u043e\u043b\u043e\u0436\u0438\u0442\u0435\u043b\u044c\u043d\u044b\u0445 \u0432\u043f\u0435\u0447\u0430\u0442\u043b\u0435\u043d\u0438\u0439 \u0438 \u044d\u043c\u043e\u0446\u0438\u0439, \u0430 \u0433\u043b\u0430\u0432\u043d\u043e\u0435 \u044f\u0440\u043a\u0438\u0435 \u043f\u0440\u043e\u0444\u0435\u0441\u0441\u0438\u043e\u043d\u0430\u043b\u044c\u043d\u043e \u043e\u0431\u0440\u0430\u0431\u043e\u0442\u0430\u043d\u043d\u044b\u0435\u00a0\u0440\u043e\u043c\u0430\u043d\u0442\u0438\u0447\u0435\u0441\u043a\u0438\u0435 \u0444\u043e\u0442\u043e<wbr \/>\u0433\u0440\u0430\u0444\u0438\u0438 \u0433\u043e\u0442\u043e\u0432\u044b\u0435 \u043a \u043f\u0435\u0447\u0430\u0442\u0438.<\/p>\n<p align=\"right\" style=\"text-align: left;\">\u041c\u044b \u0441\u0434\u0435\u043b\u0430\u0435\u043c \u0432\u0441\u0435, \u0447\u0442\u043e\u0431\u044b \u0412\u044b \u043d\u0430 \u0434\u043e\u043b\u0433\u0443\u044e \u043f\u0430\u043c\u044f\u0442\u044c \u0441\u043e\u0445\u0440\u0430\u043d\u0438\u043b\u0438 \u0431\u0435\u0441\u0446\u0435\u043d\u043d\u044b\u0435 \u0432\u043e\u0441\u043f\u043e\u043c\u0438\u043d\u0430\u043d\u0438\u044f \u043e \u0440\u0430\u0434\u043e\u0441\u0442\u043d\u044b\u0445 \u0438 \u0441\u0447\u0430\u0441\u0442\u043b\u0438\u0432\u044b\u0445 \u043c\u043e\u043c\u0435\u043d\u0442\u0430\u0445 \u0412\u0430\u0448\u0435\u0433\u043e \u0441\u043e\u0432\u043c\u0435\u0441\u0442\u043d\u043e\u0433\u043e \u043f\u0443\u0442\u0435\u0448\u0435\u0441\u0442\u0432\u0438\u044f \u0432 \u0422\u0430\u0438\u043b\u0430\u043d\u0434\u0435!<\/p>\n<p align=\"right\" style=\"text-align: left;\">\ud83d\udcde R\u00e9servez votre s\u00e9ance photo d\u00e8s maintenant !<br \/>Offrez-vous des souvenirs auxquels vous reviendrez sans cesse.<\/p>\n<p align=\"right\" style=\"text-align: left;\">\ud83d\udcf2 <a href=\"https:\/\/wa.me\/66881887700\" rel=\"nofollow noopener\" target=\"_blank\">WhatsApp<\/a><br \/>\ud83d\udcf2 <a href=\"https:\/\/t.me\/SPICY_EVENT\" rel=\"nofollow\">T\u00e9l\u00e9gramme<\/a><br \/>\ud83d\udcf7 <a href=\"https:\/\/www.instagram.com\/thailand_svadba\/\" rel=\"nofollow noopener\" target=\"_blank\">Instagram<\/a><br \/>\u2709\ufe0f <a href=\"mailto:romeo@romantica.su\">Courriel<\/a><br \/>\u2b50 R\u00e9servez votre date \u00e0 l'avance pour choisir les meilleures conditions et le meilleur moment !<\/p>\n<p>http:\/\/www.youtube.com\/watch?feature=player_detailpage&amp;v=TQq3diYCKgU<\/p>\n<\/div><\/div><\/div><\/div><\/div>","protected":false},"excerpt":{"rendered":"","protected":false},"author":828751,"featured_media":0,"parent":0,"menu_order":0,"comment_status":"open","ping_status":"open","template":"","meta":{"footnotes":""},"class_list":["post-3275","page","type-page","status-publish","hentry"],"_links":{"self":[{"href":"https:\/\/romantica.su\/fr\/wp-json\/wp\/v2\/pages\/3275","targetHints":{"allow":["GET"]}}],"collection":[{"href":"https:\/\/romantica.su\/fr\/wp-json\/wp\/v2\/pages"}],"about":[{"href":"https:\/\/romantica.su\/fr\/wp-json\/wp\/v2\/types\/page"}],"author":[{"embeddable":true,"href":"https:\/\/romantica.su\/fr\/wp-json\/wp\/v2\/users\/828751"}],"replies":[{"embeddable":true,"href":"https:\/\/romantica.su\/fr\/wp-json\/wp\/v2\/comments?post=3275"}],"version-history":[{"count":0,"href":"https:\/\/romantica.su\/fr\/wp-json\/wp\/v2\/pages\/3275\/revisions"}],"wp:attachment":[{"href":"https:\/\/romantica.su\/fr\/wp-json\/wp\/v2\/media?parent=3275"}],"curies":[{"name":"wp","href":"https:\/\/api.w.org\/{rel}","templated":true}]}}