{"id":3094,"date":"2013-09-27T19:44:31","date_gmt":"2013-09-27T12:44:31","guid":{"rendered":"http:\/\/romantica.su\/?page_id=3094"},"modified":"2014-11-12T18:17:59","modified_gmt":"2014-11-12T11:17:59","slug":"ognennoe-shou-i-fejerverk-na-svadby-na-samui-v-tailande","status":"publish","type":"page","link":"https:\/\/romantica.su\/fr\/ognennoe-shou-i-fejerverk-na-svadby-na-samui-v-tailande\/","title":{"rendered":"Spectacle de feu et feux d'artifice"},"content":{"rendered":"<p>Un spectacle de feu et un feu d'artifice \u00e0 Koh Samui, Phuket et Phangan, r\u00e9alis\u00e9s par un pyrotechnicien professionnel, ajouteront des couleurs vives \u00e0 l'\u00e9v\u00e9nement festif.<\/p>\n<ul>\n<li>\u0424\u0430\u0435\u0440-\u0448\u043e\u0443 \u043d\u0430 \u0421\u0430\u043c\u0443\u0438 7 500 \u0431\u0430\u0442<\/li>\n<li>\u0424\u0430\u0435\u0440-\u0448\u043e\u0443 \u043d\u0430 \u041f\u0445\u0443\u043a\u0435\u0442\u0435 16 000 \u0431\u0430\u0442<\/li>\n<li>\u0421\u0430\u043b\u044e\u0442 \u043e\u0442 \u043f\u0440\u043e\u0444\u0435\u0441\u0441\u0438\u043e\u043d\u0430\u043b\u044c\u043d\u043e\u0433\u043e \u043f\u0438\u0440\u043e\u0442\u0435\u0445\u043d\u0438\u043a\u0430 \u043d\u0430 \u0421\u0430\u043c\u0443\u0438 \u043e\u0442 15 000 \u0431\u0430\u0442, \u0432 \u0437\u0430\u0432\u0438\u0441\u0438\u043c\u043e\u0441\u0442\u0438 \u043e\u0442 \u043a\u043e\u043b\u0438\u0447\u0435\u0441\u0442\u0432\u0430 \u0437\u0430\u043b\u043f\u043e\u0432<\/li>\n<li>\u0421\u0430\u043b\u044e\u0442 \u043e\u0442 \u043f\u0440\u043e\u0444\u0435\u0441\u0441\u0438\u043e\u043d\u0430\u043b\u044c\u043d\u043e\u0433\u043e \u043f\u0438\u0440\u043e\u0442\u0435\u0445\u043d\u0438\u043a\u0430 \u043d\u0430 \u041f\u0445\u0443\u043a\u0435\u0442\u0435\u00a035 000 \u0431\u0430\u0442<\/li>\n<li>\u0421\u0442\u043e\u0438\u043c\u043e\u0441\u0442\u044c \u0441\u0430\u043b\u044e\u0442\u0430 \u0438 \u0444\u0430\u0435\u0440-\u0448\u043e\u0443 \u043d\u0430 \u041f\u0430\u043d\u0433\u0430\u043d\u0435 \u043f\u043e \u0437\u0430\u043f\u0440\u043e\u0441\u0443<\/li>\n<\/ul>\n<p><img data-opt-id=138135092  fetchpriority=\"high\" decoding=\"async\" class=\"alignnone size-medium wp-image-7059\" src=\"https:\/\/ml4x93qfxru4.i.optimole.com\/cb:3_vw.eda\/w:300\/h:200\/q:mauto\/f:best\/https:\/\/romantica.su\/wp-content\/uploads\/2013\/09\/Фаер-шоу-1.jpg\" alt=\"\u0424\u0430\u0435\u0440-\u0448\u043e\u0443 1\" width=\"300\" height=\"200\" title=\"\" srcset=\"https:\/\/ml4x93qfxru4.i.optimole.com\/cb:3_vw.eda\/w:300\/h:200\/q:mauto\/f:best\/https:\/\/romantica.su\/wp-content\/uploads\/2013\/09\/\u0424\u0430\u0435\u0440-\u0448\u043e\u0443-1.jpg 300w, https:\/\/ml4x93qfxru4.i.optimole.com\/cb:3_vw.eda\/w:150\/h:100\/q:mauto\/f:best\/https:\/\/romantica.su\/wp-content\/uploads\/2013\/09\/\u0424\u0430\u0435\u0440-\u0448\u043e\u0443-1.jpg 150w, https:\/\/ml4x93qfxru4.i.optimole.com\/cb:3_vw.eda\/w:1024\/h:682\/q:mauto\/f:best\/https:\/\/romantica.su\/wp-content\/uploads\/2013\/09\/\u0424\u0430\u0435\u0440-\u0448\u043e\u0443-1.jpg 1024w, https:\/\/ml4x93qfxru4.i.optimole.com\/cb:3_vw.eda\/w:140\/h:94\/q:mauto\/f:best\/dpr:2\/https:\/\/romantica.su\/wp-content\/uploads\/2013\/09\/\u0424\u0430\u0435\u0440-\u0448\u043e\u0443-1.jpg 140w, https:\/\/ml4x93qfxru4.i.optimole.com\/cb:3_vw.eda\/w:1200\/h:800\/q:mauto\/f:best\/https:\/\/romantica.su\/wp-content\/uploads\/2013\/09\/\u0424\u0430\u0435\u0440-\u0448\u043e\u0443-1.jpg 1200w\" sizes=\"(max-width: 300px) 100vw, 300px\" \/><img data-opt-id=652433424  fetchpriority=\"high\" decoding=\"async\" class=\"alignnone size-medium wp-image-7060\" src=\"https:\/\/ml4x93qfxru4.i.optimole.com\/cb:3_vw.eda\/w:300\/h:200\/q:mauto\/f:best\/https:\/\/romantica.su\/wp-content\/uploads\/2013\/09\/Фаер-шоу-2.jpg\" alt=\"\u0424\u0430\u0435\u0440-\u0448\u043e\u0443 2\" width=\"300\" height=\"200\" title=\"\" srcset=\"https:\/\/ml4x93qfxru4.i.optimole.com\/cb:3_vw.eda\/w:300\/h:200\/q:mauto\/f:best\/https:\/\/romantica.su\/wp-content\/uploads\/2013\/09\/\u0424\u0430\u0435\u0440-\u0448\u043e\u0443-2.jpg 300w, https:\/\/ml4x93qfxru4.i.optimole.com\/cb:3_vw.eda\/w:150\/h:100\/q:mauto\/f:best\/https:\/\/romantica.su\/wp-content\/uploads\/2013\/09\/\u0424\u0430\u0435\u0440-\u0448\u043e\u0443-2.jpg 150w, https:\/\/ml4x93qfxru4.i.optimole.com\/cb:3_vw.eda\/w:1024\/h:682\/q:mauto\/f:best\/https:\/\/romantica.su\/wp-content\/uploads\/2013\/09\/\u0424\u0430\u0435\u0440-\u0448\u043e\u0443-2.jpg 1024w, https:\/\/ml4x93qfxru4.i.optimole.com\/cb:3_vw.eda\/w:140\/h:94\/q:mauto\/f:best\/dpr:2\/https:\/\/romantica.su\/wp-content\/uploads\/2013\/09\/\u0424\u0430\u0435\u0440-\u0448\u043e\u0443-2.jpg 140w, https:\/\/ml4x93qfxru4.i.optimole.com\/cb:3_vw.eda\/w:1200\/h:800\/q:mauto\/f:best\/https:\/\/romantica.su\/wp-content\/uploads\/2013\/09\/\u0424\u0430\u0435\u0440-\u0448\u043e\u0443-2.jpg 1200w\" sizes=\"(max-width: 300px) 100vw, 300px\" \/><img data-opt-id=45579079  decoding=\"async\" class=\"alignnone size-medium wp-image-7061\" src=\"https:\/\/ml4x93qfxru4.i.optimole.com\/cb:3_vw.eda\/w:300\/h:200\/q:mauto\/f:best\/https:\/\/romantica.su\/wp-content\/uploads\/2013\/09\/Фаер-шоу-3.jpg\" alt=\"\u0424\u0430\u0435\u0440-\u0448\u043e\u0443 3\" width=\"300\" height=\"200\" title=\"\" srcset=\"https:\/\/ml4x93qfxru4.i.optimole.com\/cb:3_vw.eda\/w:300\/h:200\/q:mauto\/f:best\/https:\/\/romantica.su\/wp-content\/uploads\/2013\/09\/\u0424\u0430\u0435\u0440-\u0448\u043e\u0443-3.jpg 300w, https:\/\/ml4x93qfxru4.i.optimole.com\/cb:3_vw.eda\/w:150\/h:100\/q:mauto\/f:best\/https:\/\/romantica.su\/wp-content\/uploads\/2013\/09\/\u0424\u0430\u0435\u0440-\u0448\u043e\u0443-3.jpg 150w, https:\/\/ml4x93qfxru4.i.optimole.com\/cb:3_vw.eda\/w:1024\/h:682\/q:mauto\/f:best\/https:\/\/romantica.su\/wp-content\/uploads\/2013\/09\/\u0424\u0430\u0435\u0440-\u0448\u043e\u0443-3.jpg 1024w, https:\/\/ml4x93qfxru4.i.optimole.com\/cb:3_vw.eda\/w:140\/h:94\/q:mauto\/f:best\/dpr:2\/https:\/\/romantica.su\/wp-content\/uploads\/2013\/09\/\u0424\u0430\u0435\u0440-\u0448\u043e\u0443-3.jpg 140w, https:\/\/ml4x93qfxru4.i.optimole.com\/cb:3_vw.eda\/w:1200\/h:800\/q:mauto\/f:best\/https:\/\/romantica.su\/wp-content\/uploads\/2013\/09\/\u0424\u0430\u0435\u0440-\u0448\u043e\u0443-3.jpg 1200w\" sizes=\"(max-width: 300px) 100vw, 300px\" \/><img data-opt-id=544117489  decoding=\"async\" class=\"alignnone size-medium wp-image-7062\" src=\"https:\/\/ml4x93qfxru4.i.optimole.com\/cb:3_vw.eda\/w:300\/h:200\/q:mauto\/f:best\/https:\/\/romantica.su\/wp-content\/uploads\/2013\/09\/Фаер-шоу-4.jpg\" alt=\"\u0424\u0430\u0435\u0440-\u0448\u043e\u0443 4\" width=\"300\" height=\"200\" title=\"\" srcset=\"https:\/\/ml4x93qfxru4.i.optimole.com\/cb:3_vw.eda\/w:300\/h:200\/q:mauto\/f:best\/https:\/\/romantica.su\/wp-content\/uploads\/2013\/09\/\u0424\u0430\u0435\u0440-\u0448\u043e\u0443-4.jpg 300w, https:\/\/ml4x93qfxru4.i.optimole.com\/cb:3_vw.eda\/w:150\/h:100\/q:mauto\/f:best\/https:\/\/romantica.su\/wp-content\/uploads\/2013\/09\/\u0424\u0430\u0435\u0440-\u0448\u043e\u0443-4.jpg 150w, https:\/\/ml4x93qfxru4.i.optimole.com\/cb:3_vw.eda\/w:1024\/h:682\/q:mauto\/f:best\/https:\/\/romantica.su\/wp-content\/uploads\/2013\/09\/\u0424\u0430\u0435\u0440-\u0448\u043e\u0443-4.jpg 1024w, https:\/\/ml4x93qfxru4.i.optimole.com\/cb:3_vw.eda\/w:140\/h:94\/q:mauto\/f:best\/dpr:2\/https:\/\/romantica.su\/wp-content\/uploads\/2013\/09\/\u0424\u0430\u0435\u0440-\u0448\u043e\u0443-4.jpg 140w, https:\/\/ml4x93qfxru4.i.optimole.com\/cb:3_vw.eda\/w:1200\/h:800\/q:mauto\/f:best\/https:\/\/romantica.su\/wp-content\/uploads\/2013\/09\/\u0424\u0430\u0435\u0440-\u0448\u043e\u0443-4.jpg 1200w\" sizes=\"(max-width: 300px) 100vw, 300px\" \/><img data-opt-id=1567363973  decoding=\"async\" class=\"alignnone size-medium wp-image-7063\" src=\"https:\/\/ml4x93qfxru4.i.optimole.com\/cb:3_vw.eda\/w:300\/h:200\/q:mauto\/f:best\/https:\/\/romantica.su\/wp-content\/uploads\/2013\/09\/Фаер-шоу-5.jpg\" alt=\"\u0424\u0430\u0435\u0440-\u0448\u043e\u0443 5\" width=\"300\" height=\"200\" title=\"\" srcset=\"https:\/\/ml4x93qfxru4.i.optimole.com\/cb:3_vw.eda\/w:300\/h:200\/q:mauto\/f:best\/https:\/\/romantica.su\/wp-content\/uploads\/2013\/09\/\u0424\u0430\u0435\u0440-\u0448\u043e\u0443-5.jpg 300w, https:\/\/ml4x93qfxru4.i.optimole.com\/cb:3_vw.eda\/w:150\/h:100\/q:mauto\/f:best\/https:\/\/romantica.su\/wp-content\/uploads\/2013\/09\/\u0424\u0430\u0435\u0440-\u0448\u043e\u0443-5.jpg 150w, https:\/\/ml4x93qfxru4.i.optimole.com\/cb:3_vw.eda\/w:1024\/h:682\/q:mauto\/f:best\/https:\/\/romantica.su\/wp-content\/uploads\/2013\/09\/\u0424\u0430\u0435\u0440-\u0448\u043e\u0443-5.jpg 1024w, https:\/\/ml4x93qfxru4.i.optimole.com\/cb:3_vw.eda\/w:140\/h:94\/q:mauto\/f:best\/dpr:2\/https:\/\/romantica.su\/wp-content\/uploads\/2013\/09\/\u0424\u0430\u0435\u0440-\u0448\u043e\u0443-5.jpg 140w, https:\/\/ml4x93qfxru4.i.optimole.com\/cb:3_vw.eda\/w:1200\/h:800\/q:mauto\/f:best\/https:\/\/romantica.su\/wp-content\/uploads\/2013\/09\/\u0424\u0430\u0435\u0440-\u0448\u043e\u0443-5.jpg 1200w\" sizes=\"(max-width: 300px) 100vw, 300px\" \/><img data-opt-id=1903546094  decoding=\"async\" class=\"alignnone size-medium wp-image-7064\" src=\"https:\/\/ml4x93qfxru4.i.optimole.com\/cb:3_vw.eda\/w:300\/h:200\/q:mauto\/f:best\/https:\/\/romantica.su\/wp-content\/uploads\/2013\/09\/Фаер-шоу-6.jpg\" alt=\"\u0424\u0430\u0435\u0440-\u0448\u043e\u0443 6\" width=\"300\" height=\"200\" title=\"\" srcset=\"https:\/\/ml4x93qfxru4.i.optimole.com\/cb:3_vw.eda\/w:300\/h:200\/q:mauto\/f:best\/https:\/\/romantica.su\/wp-content\/uploads\/2013\/09\/\u0424\u0430\u0435\u0440-\u0448\u043e\u0443-6.jpg 300w, https:\/\/ml4x93qfxru4.i.optimole.com\/cb:3_vw.eda\/w:150\/h:100\/q:mauto\/f:best\/https:\/\/romantica.su\/wp-content\/uploads\/2013\/09\/\u0424\u0430\u0435\u0440-\u0448\u043e\u0443-6.jpg 150w, https:\/\/ml4x93qfxru4.i.optimole.com\/cb:3_vw.eda\/w:1024\/h:682\/q:mauto\/f:best\/https:\/\/romantica.su\/wp-content\/uploads\/2013\/09\/\u0424\u0430\u0435\u0440-\u0448\u043e\u0443-6.jpg 1024w, https:\/\/ml4x93qfxru4.i.optimole.com\/cb:3_vw.eda\/w:140\/h:94\/q:mauto\/f:best\/dpr:2\/https:\/\/romantica.su\/wp-content\/uploads\/2013\/09\/\u0424\u0430\u0435\u0440-\u0448\u043e\u0443-6.jpg 140w, https:\/\/ml4x93qfxru4.i.optimole.com\/cb:3_vw.eda\/w:1200\/h:800\/q:mauto\/f:best\/https:\/\/romantica.su\/wp-content\/uploads\/2013\/09\/\u0424\u0430\u0435\u0440-\u0448\u043e\u0443-6.jpg 1200w\" sizes=\"(max-width: 300px) 100vw, 300px\" \/><img data-opt-id=1420241644  decoding=\"async\" class=\"alignnone size-medium wp-image-7065\" src=\"https:\/\/ml4x93qfxru4.i.optimole.com\/cb:3_vw.eda\/w:300\/h:200\/q:mauto\/f:best\/https:\/\/romantica.su\/wp-content\/uploads\/2013\/09\/Фаер-шоу-7.jpg\" alt=\"\u0424\u0430\u0435\u0440-\u0448\u043e\u0443 7\" width=\"300\" height=\"200\" title=\"\" srcset=\"https:\/\/ml4x93qfxru4.i.optimole.com\/cb:3_vw.eda\/w:300\/h:200\/q:mauto\/f:best\/https:\/\/romantica.su\/wp-content\/uploads\/2013\/09\/\u0424\u0430\u0435\u0440-\u0448\u043e\u0443-7.jpg 300w, https:\/\/ml4x93qfxru4.i.optimole.com\/cb:3_vw.eda\/w:150\/h:100\/q:mauto\/f:best\/https:\/\/romantica.su\/wp-content\/uploads\/2013\/09\/\u0424\u0430\u0435\u0440-\u0448\u043e\u0443-7.jpg 150w, https:\/\/ml4x93qfxru4.i.optimole.com\/cb:3_vw.eda\/w:1024\/h:682\/q:mauto\/f:best\/https:\/\/romantica.su\/wp-content\/uploads\/2013\/09\/\u0424\u0430\u0435\u0440-\u0448\u043e\u0443-7.jpg 1024w, https:\/\/ml4x93qfxru4.i.optimole.com\/cb:3_vw.eda\/w:140\/h:94\/q:mauto\/f:best\/dpr:2\/https:\/\/romantica.su\/wp-content\/uploads\/2013\/09\/\u0424\u0430\u0435\u0440-\u0448\u043e\u0443-7.jpg 140w, https:\/\/ml4x93qfxru4.i.optimole.com\/cb:3_vw.eda\/w:1200\/h:800\/q:mauto\/f:best\/https:\/\/romantica.su\/wp-content\/uploads\/2013\/09\/\u0424\u0430\u0435\u0440-\u0448\u043e\u0443-7.jpg 1200w\" sizes=\"(max-width: 300px) 100vw, 300px\" \/><img data-opt-id=326896511  decoding=\"async\" class=\"alignnone size-medium wp-image-7066\" src=\"https:\/\/ml4x93qfxru4.i.optimole.com\/cb:3_vw.eda\/w:300\/h:200\/q:mauto\/f:best\/https:\/\/romantica.su\/wp-content\/uploads\/2013\/09\/Фаер-шоу-8.jpg\" alt=\"\u0424\u0430\u0435\u0440-\u0448\u043e\u0443 8\" width=\"300\" height=\"200\" title=\"\" srcset=\"https:\/\/ml4x93qfxru4.i.optimole.com\/cb:3_vw.eda\/w:300\/h:200\/q:mauto\/f:best\/https:\/\/romantica.su\/wp-content\/uploads\/2013\/09\/\u0424\u0430\u0435\u0440-\u0448\u043e\u0443-8.jpg 300w, https:\/\/ml4x93qfxru4.i.optimole.com\/cb:3_vw.eda\/w:150\/h:100\/q:mauto\/f:best\/https:\/\/romantica.su\/wp-content\/uploads\/2013\/09\/\u0424\u0430\u0435\u0440-\u0448\u043e\u0443-8.jpg 150w, https:\/\/ml4x93qfxru4.i.optimole.com\/cb:3_vw.eda\/w:1024\/h:682\/q:mauto\/f:best\/https:\/\/romantica.su\/wp-content\/uploads\/2013\/09\/\u0424\u0430\u0435\u0440-\u0448\u043e\u0443-8.jpg 1024w, https:\/\/ml4x93qfxru4.i.optimole.com\/cb:3_vw.eda\/w:140\/h:94\/q:mauto\/f:best\/dpr:2\/https:\/\/romantica.su\/wp-content\/uploads\/2013\/09\/\u0424\u0430\u0435\u0440-\u0448\u043e\u0443-8.jpg 140w, https:\/\/ml4x93qfxru4.i.optimole.com\/cb:3_vw.eda\/w:1200\/h:800\/q:mauto\/f:best\/https:\/\/romantica.su\/wp-content\/uploads\/2013\/09\/\u0424\u0430\u0435\u0440-\u0448\u043e\u0443-8.jpg 1200w\" sizes=\"(max-width: 300px) 100vw, 300px\" \/><img data-opt-id=653601325  decoding=\"async\" class=\"alignnone size-medium wp-image-7067\" src=\"https:\/\/ml4x93qfxru4.i.optimole.com\/cb:3_vw.eda\/w:300\/h:200\/q:mauto\/f:best\/https:\/\/romantica.su\/wp-content\/uploads\/2013\/09\/Фаер-шоу-9.jpg\" alt=\"\u0424\u0430\u0435\u0440-\u0448\u043e\u0443 9\" width=\"300\" height=\"200\" title=\"\" srcset=\"https:\/\/ml4x93qfxru4.i.optimole.com\/cb:3_vw.eda\/w:300\/h:200\/q:mauto\/f:best\/https:\/\/romantica.su\/wp-content\/uploads\/2013\/09\/\u0424\u0430\u0435\u0440-\u0448\u043e\u0443-9.jpg 300w, https:\/\/ml4x93qfxru4.i.optimole.com\/cb:3_vw.eda\/w:150\/h:100\/q:mauto\/f:best\/https:\/\/romantica.su\/wp-content\/uploads\/2013\/09\/\u0424\u0430\u0435\u0440-\u0448\u043e\u0443-9.jpg 150w, https:\/\/ml4x93qfxru4.i.optimole.com\/cb:3_vw.eda\/w:1024\/h:682\/q:mauto\/f:best\/https:\/\/romantica.su\/wp-content\/uploads\/2013\/09\/\u0424\u0430\u0435\u0440-\u0448\u043e\u0443-9.jpg 1024w, https:\/\/ml4x93qfxru4.i.optimole.com\/cb:3_vw.eda\/w:140\/h:94\/q:mauto\/f:best\/dpr:2\/https:\/\/romantica.su\/wp-content\/uploads\/2013\/09\/\u0424\u0430\u0435\u0440-\u0448\u043e\u0443-9.jpg 140w, https:\/\/ml4x93qfxru4.i.optimole.com\/cb:3_vw.eda\/w:1200\/h:800\/q:mauto\/f:best\/https:\/\/romantica.su\/wp-content\/uploads\/2013\/09\/\u0424\u0430\u0435\u0440-\u0448\u043e\u0443-9.jpg 1200w\" sizes=\"(max-width: 300px) 100vw, 300px\" \/><img data-opt-id=895328164  decoding=\"async\" class=\"alignnone size-medium wp-image-7068\" src=\"https:\/\/ml4x93qfxru4.i.optimole.com\/cb:3_vw.eda\/w:300\/h:200\/q:mauto\/f:best\/https:\/\/romantica.su\/wp-content\/uploads\/2013\/09\/Фаер-шоу-10.jpg\" alt=\"\u0424\u0430\u0435\u0440-\u0448\u043e\u0443 10\" width=\"300\" height=\"200\" title=\"\" srcset=\"https:\/\/ml4x93qfxru4.i.optimole.com\/cb:3_vw.eda\/w:300\/h:200\/q:mauto\/f:best\/https:\/\/romantica.su\/wp-content\/uploads\/2013\/09\/\u0424\u0430\u0435\u0440-\u0448\u043e\u0443-10.jpg 300w, https:\/\/ml4x93qfxru4.i.optimole.com\/cb:3_vw.eda\/w:150\/h:100\/q:mauto\/f:best\/https:\/\/romantica.su\/wp-content\/uploads\/2013\/09\/\u0424\u0430\u0435\u0440-\u0448\u043e\u0443-10.jpg 150w, https:\/\/ml4x93qfxru4.i.optimole.com\/cb:3_vw.eda\/w:1024\/h:682\/q:mauto\/f:best\/https:\/\/romantica.su\/wp-content\/uploads\/2013\/09\/\u0424\u0430\u0435\u0440-\u0448\u043e\u0443-10.jpg 1024w, https:\/\/ml4x93qfxru4.i.optimole.com\/cb:3_vw.eda\/w:140\/h:94\/q:mauto\/f:best\/dpr:2\/https:\/\/romantica.su\/wp-content\/uploads\/2013\/09\/\u0424\u0430\u0435\u0440-\u0448\u043e\u0443-10.jpg 140w, https:\/\/ml4x93qfxru4.i.optimole.com\/cb:3_vw.eda\/w:1200\/h:800\/q:mauto\/f:best\/https:\/\/romantica.su\/wp-content\/uploads\/2013\/09\/\u0424\u0430\u0435\u0440-\u0448\u043e\u0443-10.jpg 1200w\" sizes=\"(max-width: 300px) 100vw, 300px\" \/><\/p>\n<p><img data-opt-id=1578715571  decoding=\"async\" class=\"alignnone  wp-image-7095\" src=\"https:\/\/ml4x93qfxru4.i.optimole.com\/cb:3_vw.eda\/w:auto\/h:auto\/q:mauto\/f:best\/https:\/\/romantica.su\/wp-content\/uploads\/2013\/09\/11may01.jpg\" alt=\"11may01\" width=\"598\" height=\"398\" title=\"\" srcset=\"https:\/\/ml4x93qfxru4.i.optimole.com\/cb:3_vw.eda\/w:640\/h:426\/q:mauto\/f:best\/https:\/\/romantica.su\/wp-content\/uploads\/2013\/09\/11may01.jpg 640w, https:\/\/ml4x93qfxru4.i.optimole.com\/cb:3_vw.eda\/w:150\/h:99\/q:mauto\/f:best\/https:\/\/romantica.su\/wp-content\/uploads\/2013\/09\/11may01.jpg 150w, https:\/\/ml4x93qfxru4.i.optimole.com\/cb:3_vw.eda\/w:300\/h:199\/q:mauto\/f:best\/https:\/\/romantica.su\/wp-content\/uploads\/2013\/09\/11may01.jpg 300w, https:\/\/ml4x93qfxru4.i.optimole.com\/cb:3_vw.eda\/w:140\/h:94\/q:mauto\/f:best\/dpr:2\/https:\/\/romantica.su\/wp-content\/uploads\/2013\/09\/11may01.jpg 140w\" sizes=\"(max-width: 598px) 100vw, 598px\" \/><img data-opt-id=1921864136  decoding=\"async\" class=\"alignnone wp-image-7098 size-full\" src=\"https:\/\/ml4x93qfxru4.i.optimole.com\/cb:3_vw.eda\/w:auto\/h:auto\/q:mauto\/f:best\/https:\/\/romantica.su\/wp-content\/uploads\/2013\/09\/11may04.jpg\" alt=\"11may04\" width=\"640\" height=\"426\" title=\"\" srcset=\"https:\/\/ml4x93qfxru4.i.optimole.com\/cb:3_vw.eda\/w:640\/h:426\/q:mauto\/f:best\/https:\/\/romantica.su\/wp-content\/uploads\/2013\/09\/11may04.jpg 640w, https:\/\/ml4x93qfxru4.i.optimole.com\/cb:3_vw.eda\/w:150\/h:99\/q:mauto\/f:best\/https:\/\/romantica.su\/wp-content\/uploads\/2013\/09\/11may04.jpg 150w, https:\/\/ml4x93qfxru4.i.optimole.com\/cb:3_vw.eda\/w:300\/h:199\/q:mauto\/f:best\/https:\/\/romantica.su\/wp-content\/uploads\/2013\/09\/11may04.jpg 300w, https:\/\/ml4x93qfxru4.i.optimole.com\/cb:3_vw.eda\/w:140\/h:94\/q:mauto\/f:best\/dpr:2\/https:\/\/romantica.su\/wp-content\/uploads\/2013\/09\/11may04.jpg 140w\" sizes=\"(max-width: 640px) 100vw, 640px\" \/> <img data-opt-id=1735937315  decoding=\"async\" class=\"alignnone wp-image-7099 size-full\" src=\"https:\/\/ml4x93qfxru4.i.optimole.com\/cb:3_vw.eda\/w:auto\/h:auto\/q:mauto\/f:best\/https:\/\/romantica.su\/wp-content\/uploads\/2013\/09\/11may19.jpg\" alt=\"11may19\" width=\"640\" height=\"426\" title=\"\" srcset=\"https:\/\/ml4x93qfxru4.i.optimole.com\/cb:3_vw.eda\/w:640\/h:426\/q:mauto\/f:best\/https:\/\/romantica.su\/wp-content\/uploads\/2013\/09\/11may19.jpg 640w, https:\/\/ml4x93qfxru4.i.optimole.com\/cb:3_vw.eda\/w:150\/h:99\/q:mauto\/f:best\/https:\/\/romantica.su\/wp-content\/uploads\/2013\/09\/11may19.jpg 150w, https:\/\/ml4x93qfxru4.i.optimole.com\/cb:3_vw.eda\/w:300\/h:199\/q:mauto\/f:best\/https:\/\/romantica.su\/wp-content\/uploads\/2013\/09\/11may19.jpg 300w, https:\/\/ml4x93qfxru4.i.optimole.com\/cb:3_vw.eda\/w:140\/h:94\/q:mauto\/f:best\/dpr:2\/https:\/\/romantica.su\/wp-content\/uploads\/2013\/09\/11may19.jpg 140w\" sizes=\"(max-width: 640px) 100vw, 640px\" \/> <img data-opt-id=2088838320  decoding=\"async\" class=\"alignnone wp-image-7100 size-full\" src=\"https:\/\/ml4x93qfxru4.i.optimole.com\/cb:3_vw.eda\/w:auto\/h:auto\/q:mauto\/f:best\/https:\/\/romantica.su\/wp-content\/uploads\/2013\/09\/11may22.jpg\" alt=\"11may22\" width=\"640\" height=\"426\" title=\"\" srcset=\"https:\/\/ml4x93qfxru4.i.optimole.com\/cb:3_vw.eda\/w:640\/h:426\/q:mauto\/f:best\/https:\/\/romantica.su\/wp-content\/uploads\/2013\/09\/11may22.jpg 640w, https:\/\/ml4x93qfxru4.i.optimole.com\/cb:3_vw.eda\/w:150\/h:99\/q:mauto\/f:best\/https:\/\/romantica.su\/wp-content\/uploads\/2013\/09\/11may22.jpg 150w, https:\/\/ml4x93qfxru4.i.optimole.com\/cb:3_vw.eda\/w:300\/h:199\/q:mauto\/f:best\/https:\/\/romantica.su\/wp-content\/uploads\/2013\/09\/11may22.jpg 300w, https:\/\/ml4x93qfxru4.i.optimole.com\/cb:3_vw.eda\/w:140\/h:94\/q:mauto\/f:best\/dpr:2\/https:\/\/romantica.su\/wp-content\/uploads\/2013\/09\/11may22.jpg 140w\" sizes=\"(max-width: 640px) 100vw, 640px\" \/><\/p>\n<p><iframe title=\"Fireworks and Fire Show Marriage Proposal, Thailand\" width=\"1080\" height=\"608\" src=\"https:\/\/www.youtube.com\/embed\/n1kzeXujffU?feature=oembed\"  allow=\"accelerometer; autoplay; clipboard-write; encrypted-media; gyroscope; picture-in-picture; web-share\" referrerpolicy=\"strict-origin-when-cross-origin\" allowfullscreen><\/iframe><\/p>\n<p><iframe title=\"E&amp;A European-style Wedding ceremony on the beach. | Thailand temple photo shoot\" width=\"1080\" height=\"608\" src=\"https:\/\/www.youtube.com\/embed\/V_6Lf04d2fA?feature=oembed\"  allow=\"accelerometer; autoplay; clipboard-write; encrypted-media; gyroscope; picture-in-picture; web-share\" referrerpolicy=\"strict-origin-when-cross-origin\" allowfullscreen><\/iframe><\/p>\n<p>&nbsp;<\/p>\n<p><a href=\"http:\/\/www.youtube.com\/watch?v=n1kzeXujffU\" target=\"_blank\" rel=\"nofollow noopener\">\u00a0<\/a><\/p>","protected":false},"excerpt":{"rendered":"<p>\u042f\u0440\u043a\u043e\u0435 \u043e\u0433\u043d\u0435\u043d\u043d\u043e\u0435 \u0448\u043e\u0443 \u0438 \u0444\u0435\u0439\u0435\u0440\u0432\u0435\u0440\u043a \u043d\u0430 \u0421\u0430\u043c\u0443\u0438, \u041f\u0445\u0443\u043a\u0435\u0442\u0435 \u0438 \u041f\u0430\u043d\u0433\u0430\u043d\u0435 \u043e\u0442 \u043f\u0440\u043e\u0444\u0435\u0441\u0441\u0438\u043e\u043d\u0430\u043b\u044c\u043d\u043e\u0433\u043e \u043f\u0438\u0440\u043e\u0442\u0435\u0445\u043d\u0438\u043a\u0430 \u0434\u043e\u0431\u0430\u0432\u044f\u0442 \u044f\u0440\u043a\u0438\u0445 \u043a\u0440\u0430\u0441\u043e\u043a \u043a \u0442\u043e\u0440\u0436\u0435\u0441\u0442\u0432\u0435\u043d\u043d\u043e\u043c\u0443 \u0441\u043e\u0431\u044b\u0442\u0438\u044e. \u0424\u0430\u0435\u0440-\u0448\u043e\u0443 \u043d\u0430 \u0421\u0430\u043c\u0443\u0438 7 500 \u0431\u0430\u0442 \u0424\u0430\u0435\u0440-\u0448\u043e\u0443 \u043d\u0430 \u041f\u0445\u0443\u043a\u0435\u0442\u0435 16 000 \u0431\u0430\u0442 \u0421\u0430\u043b\u044e\u0442 \u043e\u0442 \u043f\u0440\u043e\u0444\u0435\u0441\u0441\u0438\u043e\u043d\u0430\u043b\u044c\u043d\u043e\u0433\u043e \u043f\u0438\u0440\u043e\u0442\u0435\u0445\u043d\u0438\u043a\u0430 \u043d\u0430 \u0421\u0430\u043c\u0443\u0438 \u043e\u0442 15 000 \u0431\u0430\u0442, \u0432 \u0437\u0430\u0432\u0438\u0441\u0438\u043c\u043e\u0441\u0442\u0438 \u043e\u0442 \u043a\u043e\u043b\u0438\u0447\u0435\u0441\u0442\u0432\u0430 \u0437\u0430\u043b\u043f\u043e\u0432 \u0421\u0430\u043b\u044e\u0442 \u043e\u0442 \u043f\u0440\u043e\u0444\u0435\u0441\u0441\u0438\u043e\u043d\u0430\u043b\u044c\u043d\u043e\u0433\u043e \u043f\u0438\u0440\u043e\u0442\u0435\u0445\u043d\u0438\u043a\u0430 \u043d\u0430 \u041f\u0445\u0443\u043a\u0435\u0442\u0435\u00a035 000 \u0431\u0430\u0442 \u0421\u0442\u043e\u0438\u043c\u043e\u0441\u0442\u044c [&hellip;]<\/p>\n","protected":false},"author":828751,"featured_media":0,"parent":0,"menu_order":0,"comment_status":"open","ping_status":"open","template":"","meta":{"footnotes":""},"class_list":["post-3094","page","type-page","status-publish","hentry"],"_links":{"self":[{"href":"https:\/\/romantica.su\/fr\/wp-json\/wp\/v2\/pages\/3094","targetHints":{"allow":["GET"]}}],"collection":[{"href":"https:\/\/romantica.su\/fr\/wp-json\/wp\/v2\/pages"}],"about":[{"href":"https:\/\/romantica.su\/fr\/wp-json\/wp\/v2\/types\/page"}],"author":[{"embeddable":true,"href":"https:\/\/romantica.su\/fr\/wp-json\/wp\/v2\/users\/828751"}],"replies":[{"embeddable":true,"href":"https:\/\/romantica.su\/fr\/wp-json\/wp\/v2\/comments?post=3094"}],"version-history":[{"count":0,"href":"https:\/\/romantica.su\/fr\/wp-json\/wp\/v2\/pages\/3094\/revisions"}],"wp:attachment":[{"href":"https:\/\/romantica.su\/fr\/wp-json\/wp\/v2\/media?parent=3094"}],"curies":[{"name":"wp","href":"https:\/\/api.w.org\/{rel}","templated":true}]}}