{"id":994,"date":"2010-05-01T19:11:44","date_gmt":"2010-05-01T12:11:44","guid":{"rendered":"http:\/\/romantica.su:80\/?page_id=994"},"modified":"2016-06-20T19:07:50","modified_gmt":"2016-06-20T12:07:50","slug":"dajv-hochzeit-in-tailande","status":"publish","type":"page","link":"https:\/\/romantica.su\/de\/svadba-za-granicei\/dajv-svadba-v-tailande\/","title":{"rendered":"Tauchhochzeit in Thailand"},"content":{"rendered":"<p><strong>Hochzeit<\/strong> \u2013 dies ist der Tag, an den sich Braut und Br\u00e4utigam ihr Leben lang erinnern m\u00f6chten.<\/p>\n<p style=\"text-align: center;\"><a href=\"https:\/\/ml4x93qfxru4.i.optimole.com\/cb:3_vw.eda\/w:auto\/h:auto\/q:mauto\/f:best\/http:\/\/romantica.su:80\/wp-content\/uploads\/2010\/05\/anantara_koh_samui1.jpg\"><img data-opt-id=1549355045  fetchpriority=\"high\" decoding=\"async\" class=\"aligncenter size-full wp-image-995\" title=\"Extreme Dive Wedding auf Samui, Thailand\" alt=\"Extreme Dive Wedding auf Samui, Thailand\" src=\"https:\/\/ml4x93qfxru4.i.optimole.com\/cb:3_vw.eda\/w:auto\/h:auto\/q:mauto\/f:best\/http:\/\/romantica.su:80\/wp-content\/uploads\/2010\/05\/anantara_koh_samui1.jpg\" width=\"400\" height=\"300\" srcset=\"https:\/\/ml4x93qfxru4.i.optimole.com\/cb:3_vw.eda\/w:400\/h:300\/q:mauto\/f:best\/https:\/\/romantica.su\/wp-content\/uploads\/2010\/05\/anantara_koh_samui1.jpg 400w, https:\/\/ml4x93qfxru4.i.optimole.com\/cb:3_vw.eda\/w:150\/h:112\/q:mauto\/f:best\/https:\/\/romantica.su\/wp-content\/uploads\/2010\/05\/anantara_koh_samui1.jpg 150w, https:\/\/ml4x93qfxru4.i.optimole.com\/cb:3_vw.eda\/w:300\/h:225\/q:mauto\/f:best\/https:\/\/romantica.su\/wp-content\/uploads\/2010\/05\/anantara_koh_samui1.jpg 300w\" sizes=\"(max-width: 400px) 100vw, 400px\" \/><\/a>Wir laden Sie ein, unvergessliche Emotionen zu erleben und f\u00fcr Ihre Hochzeitszeremonie eines der Riffe des Indischen Ozeans auszuw\u00e4hlen \u2013 eine Unterwasserhochzeit in Thailand, ein fantastischer Ort f\u00fcr eine Hochzeit, wo Fische und Korallen Ihre Zeugen sein werden.<\/p>\n<p>Einzigartige Meereszeremonie (<strong>Tauchhochzeit<\/strong>) findet an weltber\u00fchmten Tauchpl\u00e4tzen statt, nur wenige Minuten Bootsfahrt \u00fcber das azurblaue Meerwasser entfernt zwischen <strong>Inseln von Thailand<\/strong><\/p>\n<p><iframe title=\"A&amp;V Unterwasser-Hochzeitszeremonie in Thailand | Einzigartiges Hochzeitserlebnis\" width=\"1080\" height=\"608\" src=\"https:\/\/www.youtube.com\/embed\/hM-BNJlGy3M?feature=oembed\"  allow=\"accelerometer; autoplay; clipboard-write; encrypted-media; gyroscope; picture-in-picture; web-share\" referrerpolicy=\"strict-origin-when-cross-origin\" allowfullscreen><\/iframe><\/p>\n<p>Braut und Br\u00e4utigam steigen in das Meeresparadies hinab und nach einer kurzen Zeremonie und dem Austausch der Ringe werden die Frischverm\u00e4hlten aufgefordert, an die Oberfl\u00e4che aufzutauchen, wo ein mit Blumen, festlichem Champagner und Obst geschm\u00fccktes Boot auf sie wartet. Nach einer kurzen Pause bieten wir einen zweiten Tauchgang an, bei dem wir eine Tour durch die Unterwasserwelt machen.<\/p>\n<p style=\"text-align: center;\"><a href=\"https:\/\/ml4x93qfxru4.i.optimole.com\/cb:3_vw.eda\/w:auto\/h:auto\/q:mauto\/f:best\/http:\/\/romantica.su:80\/wp-content\/uploads\/2010\/05\/dive-wedding.jpg\"><img data-opt-id=908527281  fetchpriority=\"high\" decoding=\"async\" class=\"aligncenter size-medium wp-image-1042\" title=\"Tauchhochzeit. Tauchhochzeit in Thailand\" alt=\"Tauchhochzeit. Tauchhochzeit in Thailand\" src=\"https:\/\/ml4x93qfxru4.i.optimole.com\/cb:3_vw.eda\/w:300\/h:201\/q:mauto\/f:best\/http:\/\/romantica.su:80\/wp-content\/uploads\/2010\/05\/dive-wedding-300x201.jpg\" width=\"300\" height=\"201\" srcset=\"https:\/\/ml4x93qfxru4.i.optimole.com\/cb:3_vw.eda\/w:300\/h:201\/q:mauto\/f:best\/https:\/\/romantica.su\/wp-content\/uploads\/2010\/05\/dive-wedding.jpg 300w, https:\/\/ml4x93qfxru4.i.optimole.com\/cb:3_vw.eda\/w:150\/h:100\/q:mauto\/f:best\/https:\/\/romantica.su\/wp-content\/uploads\/2010\/05\/dive-wedding.jpg 150w, https:\/\/ml4x93qfxru4.i.optimole.com\/cb:3_vw.eda\/w:140\/h:94\/q:mauto\/f:best\/dpr:2\/https:\/\/romantica.su\/wp-content\/uploads\/2010\/05\/dive-wedding.jpg 140w, https:\/\/ml4x93qfxru4.i.optimole.com\/cb:3_vw.eda\/w:500\/h:335\/q:mauto\/f:best\/https:\/\/romantica.su\/wp-content\/uploads\/2010\/05\/dive-wedding.jpg 500w\" sizes=\"(max-width: 300px) 100vw, 300px\" \/><\/a><\/p>\n<p>Unterwasserhochzeiten k\u00f6nnen sowohl f\u00fcr zertifizierte Taucher als auch f\u00fcr diejenigen arrangiert werden, die das Tauchen noch nie ausprobiert haben. F\u00fcr Tauchanf\u00e4nger wird vor der Zeremonie eine Tauchstunde organisiert, die Sicherheitsanweisungen, Regeln zur Verwendung der Ausr\u00fcstung und die Grundlagen des Ger\u00e4tetauchens umfasst.<\/p>\n<p><strong>Dieses Angebot beinhaltet:<\/strong><\/p>\n<ul>\n<li><a href=\"http:\/\/romantica.su\/de\/hochzeit-za-granicei\/dajv-hochzeit-in-tailande\/\">Transfer mit dem Boot (Yacht) vom\/zum Zeremonienort<\/a><\/li>\n<li><a href=\"http:\/\/romantica.su\/de\/2010\/03\/28\/svadebnaya-floristika\/\" target=\"_blank\">Blumenarrangements (Boots-\/Yachtdekoration, Zeremonienortdekoration am Riff)<\/a><\/li>\n<li>2 Tauchausr\u00fcstungen<\/li>\n<li>Tauchkurs f\u00fcr Anf\u00e4nger<\/li>\n<li>Abendessen<\/li>\n<li>Festlicher Champagner, Fr\u00fcchte<\/li>\n<li>1 zus\u00e4tzlicher Tauchgang f\u00fcr Hochzeitsreisende<\/li>\n<li>Hochzeitsurkunde<\/li>\n<li>Unterwasser-Videoaufnahmen<\/li>\n<\/ul>\n<p><strong><span style=\"color: #ff00ff;\">Die Kosten f\u00fcr den Heiratsantrag auf der Insel Koh Tao betragen 78.000 Rubel.<\/span><\/strong><\/p>","protected":false},"excerpt":{"rendered":"<p>\u0421\u0432\u0430\u0434\u044c\u0431\u0430 &#8212; \u044d\u0442\u043e \u0442\u043e\u0442 \u0434\u0435\u043d\u044c, \u043a\u043e\u0442\u043e\u0440\u044b\u0439 \u0436\u0435\u043d\u0438\u0445 \u0438 \u043d\u0435\u0432\u0435\u0441\u0442\u0430 \u0445\u043e\u0442\u044f\u0442 \u0437\u0430\u043f\u043e\u043c\u043d\u0438\u0442\u044c \u043d\u0430 \u0432\u0441\u044e \u0436\u0438\u0437\u043d\u044c. \u041f\u0440\u0435\u0434\u043b\u0430\u0433\u0430\u0435\u043c \u0432\u0430\u043c \u0438\u0441\u043f\u044b\u0442\u0430\u0442\u044c \u043d\u0435\u0437\u0430\u0431\u044b\u0432\u0430\u0435\u043c\u044b\u0435 \u044d\u043c\u043e\u0446\u0438\u0438 \u0438 \u0432\u044b\u0431\u0440\u0430\u0442\u044c \u0434\u043b\u044f \u0432\u0430\u0448\u0435\u0439 \u0441\u0432\u0430\u0434\u0435\u0431\u043d\u043e\u0439 \u0446\u0435\u0440\u0435\u043c\u043e\u043d\u0438\u0438\u00a0 \u043e\u0434\u0438\u043d \u0438\u0437 \u0440\u0438\u0444\u043e\u0432 \u0418\u043d\u0434\u0438\u0439\u0441\u043a\u043e\u0433\u043e \u043e\u043a\u0435\u0430\u043d\u0430-\u043f\u043e\u0434\u0432\u043e\u0434\u043d\u0430\u044f \u0441\u0432\u0430\u0434\u044c\u0431\u0430 \u0432 \u0422\u0430\u0438\u043b\u0430\u043d\u0434\u0435, \u0443\u0434\u0438\u0432\u0438\u0442\u0435\u043b\u044c\u043d\u043e\u0435 \u00a0\u043c\u0435\u0441\u0442\u043e \u0434\u043b\u044f \u043f\u0440\u043e\u0432\u0435\u0434\u0435\u043d\u0438\u044f \u0441\u0432\u0430\u0434\u044c\u0431\u044b, \u0433\u0434\u0435 \u0440\u044b\u0431\u044b \u0438 \u043a\u043e\u0440\u0430\u043b\u043b\u044b \u0441\u0442\u0430\u043d\u0443\u0442 \u0432\u0430\u0448\u0438\u043c\u0438 \u0441\u0432\u0438\u0434\u0435\u0442\u0435\u043b\u044f\u043c\u0438. \u0423\u043d\u0438\u043a\u0430\u043b\u044c\u043d\u0430\u044f \u043c\u043e\u0440\u0441\u043a\u0430\u044f \u0446\u0435\u0440\u0435\u043c\u043e\u043d\u0438\u044f (\u0434\u0430\u0439\u0432 \u0441\u0432\u0430\u0434\u044c\u0431\u0430) \u043f\u0440\u043e\u0445\u043e\u0434\u0438\u0442 \u0432 \u00a0\u0432\u0441\u0435\u043c\u0438\u0440\u043d\u043e \u0438\u0437\u0432\u0435\u0441\u0442\u043d\u044b\u0445 \u0434\u0430\u0439\u0432 [&hellip;]<\/p>\n","protected":false},"author":828751,"featured_media":0,"parent":333,"menu_order":10,"comment_status":"open","ping_status":"closed","template":"","meta":{"footnotes":""},"class_list":["post-994","page","type-page","status-publish","hentry"],"_links":{"self":[{"href":"https:\/\/romantica.su\/de\/wp-json\/wp\/v2\/pages\/994","targetHints":{"allow":["GET"]}}],"collection":[{"href":"https:\/\/romantica.su\/de\/wp-json\/wp\/v2\/pages"}],"about":[{"href":"https:\/\/romantica.su\/de\/wp-json\/wp\/v2\/types\/page"}],"author":[{"embeddable":true,"href":"https:\/\/romantica.su\/de\/wp-json\/wp\/v2\/users\/828751"}],"replies":[{"embeddable":true,"href":"https:\/\/romantica.su\/de\/wp-json\/wp\/v2\/comments?post=994"}],"version-history":[{"count":0,"href":"https:\/\/romantica.su\/de\/wp-json\/wp\/v2\/pages\/994\/revisions"}],"up":[{"embeddable":true,"href":"https:\/\/romantica.su\/de\/wp-json\/wp\/v2\/pages\/333"}],"wp:attachment":[{"href":"https:\/\/romantica.su\/de\/wp-json\/wp\/v2\/media?parent=994"}],"curies":[{"name":"wp","href":"https:\/\/api.w.org\/{rel}","templated":true}]}}