{"id":3407,"date":"2013-10-03T21:43:41","date_gmt":"2013-10-03T14:43:41","guid":{"rendered":"http:\/\/romantica.su\/?page_id=3407"},"modified":"2014-11-12T17:34:35","modified_gmt":"2014-11-12T10:34:35","slug":"ceremoniya-rot-nam-song-na-samui","status":"publish","type":"page","link":"https:\/\/romantica.su\/de\/ceremoniya-rot-nam-song-na-samui\/","title":{"rendered":"Rot-Nam-Sang-Zeremonie"},"content":{"rendered":"<p>\u00dcbersetzt bedeutet es eine gro\u00dfe Muschel. Diese thail\u00e4ndische Hochzeitszeremonie ist der Schl\u00fcsselakt der Hochzeit und gilt als die wichtigste.<\/p>\n<p>Braut und Br\u00e4utigam sitzen auf den Knien nebeneinander auf einer kleinen Plattform oder speziellen Ottomanen. Abwechselnd gie\u00dfen die G\u00e4ste Wasser aus einer Muschel auf die zu einem thail\u00e4ndischen Gru\u00df gefalteten H\u00e4nde des Brautpaares mit W\u00fcnschen f\u00fcr ein gl\u00fcckliches Familienleben. Wasser wird aus einem Becher entnommen, in dem Lotusbl\u00fctenbl\u00e4tter schwimmen.<\/p>\n<p>Die Mund-Nam-Sang-Zeremonie ist ein wesentlicher Bestandteil einer traditionellen Hochzeit im thail\u00e4ndischen Stil, Sie k\u00f6nnen sie jedoch jederzeit zus\u00e4tzlich zu Ihrer europ\u00e4ischen Strandhochzeitszeremonie buchen.<\/p>\n<p><img data-opt-id=1474891798  fetchpriority=\"high\" decoding=\"async\" class=\"alignnone size-medium wp-image-7071\" src=\"https:\/\/ml4x93qfxru4.i.optimole.com\/cb:3_vw.eda\/w:300\/h:199\/q:mauto\/f:best\/http:\/\/romantica.su\/wp-content\/uploads\/2013\/10\/рот-нам-сонг.jpg\" alt=\"Mund Nam Lied\" width=\"300\" height=\"199\" title=\"\" srcset=\"https:\/\/ml4x93qfxru4.i.optimole.com\/cb:3_vw.eda\/w:300\/h:199\/q:mauto\/f:best\/https:\/\/romantica.su\/wp-content\/uploads\/2013\/10\/\u0440\u043e\u0442-\u043d\u0430\u043c-\u0441\u043e\u043d\u0433.jpg 300w, https:\/\/ml4x93qfxru4.i.optimole.com\/cb:3_vw.eda\/w:150\/h:99\/q:mauto\/f:best\/https:\/\/romantica.su\/wp-content\/uploads\/2013\/10\/\u0440\u043e\u0442-\u043d\u0430\u043c-\u0441\u043e\u043d\u0433.jpg 150w, https:\/\/ml4x93qfxru4.i.optimole.com\/cb:3_vw.eda\/w:207\/h:136\/q:mauto\/f:best\/https:\/\/romantica.su\/wp-content\/uploads\/2013\/10\/\u0440\u043e\u0442-\u043d\u0430\u043c-\u0441\u043e\u043d\u0433.jpg 207w, https:\/\/ml4x93qfxru4.i.optimole.com\/cb:3_vw.eda\/w:140\/h:94\/q:mauto\/f:best\/dpr:2\/https:\/\/romantica.su\/wp-content\/uploads\/2013\/10\/\u0440\u043e\u0442-\u043d\u0430\u043c-\u0441\u043e\u043d\u0433.jpg 140w, https:\/\/ml4x93qfxru4.i.optimole.com\/cb:3_vw.eda\/w:604\/h:402\/q:mauto\/f:best\/https:\/\/romantica.su\/wp-content\/uploads\/2013\/10\/\u0440\u043e\u0442-\u043d\u0430\u043c-\u0441\u043e\u043d\u0433.jpg 604w\" sizes=\"(max-width: 300px) 100vw, 300px\" \/><img data-opt-id=709120554  fetchpriority=\"high\" decoding=\"async\" class=\"alignnone size-medium wp-image-7070\" src=\"https:\/\/ml4x93qfxru4.i.optimole.com\/cb:3_vw.eda\/w:300\/h:199\/q:mauto\/f:best\/http:\/\/romantica.su\/wp-content\/uploads\/2013\/10\/рот-нам-сонг_2.jpg\" alt=\"Mund Nam Song_2\" width=\"300\" height=\"199\" title=\"\" srcset=\"https:\/\/ml4x93qfxru4.i.optimole.com\/cb:3_vw.eda\/w:300\/h:199\/q:mauto\/f:best\/https:\/\/romantica.su\/wp-content\/uploads\/2013\/10\/\u0440\u043e\u0442-\u043d\u0430\u043c-\u0441\u043e\u043d\u0433_2.jpg 300w, https:\/\/ml4x93qfxru4.i.optimole.com\/cb:3_vw.eda\/w:150\/h:99\/q:mauto\/f:best\/https:\/\/romantica.su\/wp-content\/uploads\/2013\/10\/\u0440\u043e\u0442-\u043d\u0430\u043c-\u0441\u043e\u043d\u0433_2.jpg 150w, https:\/\/ml4x93qfxru4.i.optimole.com\/cb:3_vw.eda\/w:207\/h:136\/q:mauto\/f:best\/https:\/\/romantica.su\/wp-content\/uploads\/2013\/10\/\u0440\u043e\u0442-\u043d\u0430\u043c-\u0441\u043e\u043d\u0433_2.jpg 207w, https:\/\/ml4x93qfxru4.i.optimole.com\/cb:3_vw.eda\/w:140\/h:94\/q:mauto\/f:best\/dpr:2\/https:\/\/romantica.su\/wp-content\/uploads\/2013\/10\/\u0440\u043e\u0442-\u043d\u0430\u043c-\u0441\u043e\u043d\u0433_2.jpg 140w, https:\/\/ml4x93qfxru4.i.optimole.com\/cb:3_vw.eda\/w:800\/h:533\/q:mauto\/f:best\/https:\/\/romantica.su\/wp-content\/uploads\/2013\/10\/\u0440\u043e\u0442-\u043d\u0430\u043c-\u0441\u043e\u043d\u0433_2.jpg 800w\" sizes=\"(max-width: 300px) 100vw, 300px\" \/><img data-opt-id=1338288203  fetchpriority=\"high\" decoding=\"async\" class=\"alignnone size-medium wp-image-7073\" src=\"https:\/\/ml4x93qfxru4.i.optimole.com\/cb:3_vw.eda\/w:300\/h:200\/q:mauto\/f:best\/http:\/\/romantica.su\/wp-content\/uploads\/2013\/10\/33.jpg\" alt=\"3\" width=\"300\" height=\"200\" title=\"\" srcset=\"https:\/\/ml4x93qfxru4.i.optimole.com\/cb:3_vw.eda\/w:300\/h:200\/q:mauto\/f:best\/https:\/\/romantica.su\/wp-content\/uploads\/2013\/10\/33.jpg 300w, https:\/\/ml4x93qfxru4.i.optimole.com\/cb:3_vw.eda\/w:150\/h:100\/q:mauto\/f:best\/https:\/\/romantica.su\/wp-content\/uploads\/2013\/10\/33.jpg 150w, https:\/\/ml4x93qfxru4.i.optimole.com\/cb:3_vw.eda\/w:140\/h:94\/q:mauto\/f:best\/dpr:2\/https:\/\/romantica.su\/wp-content\/uploads\/2013\/10\/33.jpg 140w, https:\/\/ml4x93qfxru4.i.optimole.com\/cb:3_vw.eda\/w:604\/h:403\/q:mauto\/f:best\/https:\/\/romantica.su\/wp-content\/uploads\/2013\/10\/33.jpg 604w\" sizes=\"(max-width: 300px) 100vw, 300px\" \/><img data-opt-id=1008765416  data-opt-src=\"https:\/\/ml4x93qfxru4.i.optimole.com\/cb:3_vw.eda\/w:300\/h:200\/q:mauto\/f:best\/http:\/\/romantica.su\/wp-content\/uploads\/2013\/10\/рот-нам-сонг1.jpg\"  decoding=\"async\" class=\"alignnone size-medium wp-image-7072\" src=\"data:image/svg+xml,%3Csvg%20viewBox%3D%220%200%20300%20200%22%20width%3D%22300%22%20height%3D%22200%22%20xmlns%3D%22http%3A%2F%2Fwww.w3.org%2F2000%2Fsvg%22%3E%3Crect%20width%3D%22300%22%20height%3D%22200%22%20fill%3D%22transparent%22%2F%3E%3C%2Fsvg%3E\" alt=\"Mund Nam Lied\" width=\"300\" height=\"200\" title=\"\" old-srcset=\"https:\/\/ml4x93qfxru4.i.optimole.com\/cb:3_vw.eda\/w:300\/h:200\/q:mauto\/f:best\/https:\/\/romantica.su\/wp-content\/uploads\/2013\/10\/\u0440\u043e\u0442-\u043d\u0430\u043c-\u0441\u043e\u043d\u04331.jpg 300w, https:\/\/ml4x93qfxru4.i.optimole.com\/cb:3_vw.eda\/w:150\/h:100\/q:mauto\/f:best\/https:\/\/romantica.su\/wp-content\/uploads\/2013\/10\/\u0440\u043e\u0442-\u043d\u0430\u043c-\u0441\u043e\u043d\u04331.jpg 150w, https:\/\/ml4x93qfxru4.i.optimole.com\/cb:3_vw.eda\/w:140\/h:94\/q:mauto\/f:best\/dpr:2\/https:\/\/romantica.su\/wp-content\/uploads\/2013\/10\/\u0440\u043e\u0442-\u043d\u0430\u043c-\u0441\u043e\u043d\u04331.jpg 140w, https:\/\/ml4x93qfxru4.i.optimole.com\/cb:3_vw.eda\/w:1024\/h:683\/q:mauto\/f:best\/https:\/\/romantica.su\/wp-content\/uploads\/2013\/10\/\u0440\u043e\u0442-\u043d\u0430\u043c-\u0441\u043e\u043d\u04331.jpg 1024w\" \/><noscript><img data-opt-id=1008765416  decoding=\"async\" class=\"alignnone size-medium wp-image-7072\" src=\"https:\/\/ml4x93qfxru4.i.optimole.com\/cb:3_vw.eda\/w:300\/h:200\/q:mauto\/f:best\/http:\/\/romantica.su\/wp-content\/uploads\/2013\/10\/рот-нам-сонг1.jpg\" alt=\"Mund Nam Lied\" width=\"300\" height=\"200\" title=\"\" srcset=\"https:\/\/ml4x93qfxru4.i.optimole.com\/cb:3_vw.eda\/w:300\/h:200\/q:mauto\/f:best\/https:\/\/romantica.su\/wp-content\/uploads\/2013\/10\/\u0440\u043e\u0442-\u043d\u0430\u043c-\u0441\u043e\u043d\u04331.jpg 300w, https:\/\/ml4x93qfxru4.i.optimole.com\/cb:3_vw.eda\/w:150\/h:100\/q:mauto\/f:best\/https:\/\/romantica.su\/wp-content\/uploads\/2013\/10\/\u0440\u043e\u0442-\u043d\u0430\u043c-\u0441\u043e\u043d\u04331.jpg 150w, https:\/\/ml4x93qfxru4.i.optimole.com\/cb:3_vw.eda\/w:140\/h:94\/q:mauto\/f:best\/dpr:2\/https:\/\/romantica.su\/wp-content\/uploads\/2013\/10\/\u0440\u043e\u0442-\u043d\u0430\u043c-\u0441\u043e\u043d\u04331.jpg 140w, https:\/\/ml4x93qfxru4.i.optimole.com\/cb:3_vw.eda\/w:1024\/h:683\/q:mauto\/f:best\/https:\/\/romantica.su\/wp-content\/uploads\/2013\/10\/\u0440\u043e\u0442-\u043d\u0430\u043c-\u0441\u043e\u043d\u04331.jpg 1024w\" sizes=\"(max-width: 300px) 100vw, 300px\" \/></noscript><\/p>\n<p><img data-opt-id=2147398044  data-opt-src=\"https:\/\/ml4x93qfxru4.i.optimole.com\/cb:3_vw.eda\/w:300\/h:200\/q:mauto\/f:best\/http:\/\/romantica.su\/wp-content\/uploads\/2013\/10\/0wUvSmOCEgQ.jpg\"  decoding=\"async\" class=\"alignnone size-medium wp-image-7074\" src=\"data:image/svg+xml,%3Csvg%20viewBox%3D%220%200%20300%20200%22%20width%3D%22300%22%20height%3D%22200%22%20xmlns%3D%22http%3A%2F%2Fwww.w3.org%2F2000%2Fsvg%22%3E%3Crect%20width%3D%22300%22%20height%3D%22200%22%20fill%3D%22transparent%22%2F%3E%3C%2Fsvg%3E\" alt=\"0wUvSmOCEgQ\" width=\"300\" height=\"200\" title=\"\" old-srcset=\"https:\/\/ml4x93qfxru4.i.optimole.com\/cb:3_vw.eda\/w:300\/h:200\/q:mauto\/f:best\/https:\/\/romantica.su\/wp-content\/uploads\/2013\/10\/0wUvSmOCEgQ.jpg 300w, https:\/\/ml4x93qfxru4.i.optimole.com\/cb:3_vw.eda\/w:150\/h:100\/q:mauto\/f:best\/https:\/\/romantica.su\/wp-content\/uploads\/2013\/10\/0wUvSmOCEgQ.jpg 150w, https:\/\/ml4x93qfxru4.i.optimole.com\/cb:3_vw.eda\/w:140\/h:94\/q:mauto\/f:best\/dpr:2\/https:\/\/romantica.su\/wp-content\/uploads\/2013\/10\/0wUvSmOCEgQ.jpg 140w, https:\/\/ml4x93qfxru4.i.optimole.com\/cb:3_vw.eda\/w:604\/h:403\/q:mauto\/f:best\/https:\/\/romantica.su\/wp-content\/uploads\/2013\/10\/0wUvSmOCEgQ.jpg 604w\" \/><noscript><img data-opt-id=2147398044  decoding=\"async\" class=\"alignnone size-medium wp-image-7074\" src=\"https:\/\/ml4x93qfxru4.i.optimole.com\/cb:3_vw.eda\/w:300\/h:200\/q:mauto\/f:best\/http:\/\/romantica.su\/wp-content\/uploads\/2013\/10\/0wUvSmOCEgQ.jpg\" alt=\"0wUvSmOCEgQ\" width=\"300\" height=\"200\" title=\"\" srcset=\"https:\/\/ml4x93qfxru4.i.optimole.com\/cb:3_vw.eda\/w:300\/h:200\/q:mauto\/f:best\/https:\/\/romantica.su\/wp-content\/uploads\/2013\/10\/0wUvSmOCEgQ.jpg 300w, https:\/\/ml4x93qfxru4.i.optimole.com\/cb:3_vw.eda\/w:150\/h:100\/q:mauto\/f:best\/https:\/\/romantica.su\/wp-content\/uploads\/2013\/10\/0wUvSmOCEgQ.jpg 150w, https:\/\/ml4x93qfxru4.i.optimole.com\/cb:3_vw.eda\/w:140\/h:94\/q:mauto\/f:best\/dpr:2\/https:\/\/romantica.su\/wp-content\/uploads\/2013\/10\/0wUvSmOCEgQ.jpg 140w, https:\/\/ml4x93qfxru4.i.optimole.com\/cb:3_vw.eda\/w:604\/h:403\/q:mauto\/f:best\/https:\/\/romantica.su\/wp-content\/uploads\/2013\/10\/0wUvSmOCEgQ.jpg 604w\" sizes=\"(max-width: 300px) 100vw, 300px\" \/></noscript><img data-opt-id=1902577048  data-opt-src=\"https:\/\/ml4x93qfxru4.i.optimole.com\/cb:3_vw.eda\/w:300\/h:200\/q:mauto\/f:best\/http:\/\/romantica.su\/wp-content\/uploads\/2013\/10\/2mk4Mt2R_Tg.jpg\"  decoding=\"async\" class=\"alignnone size-medium wp-image-7076\" src=\"data:image/svg+xml,%3Csvg%20viewBox%3D%220%200%20300%20200%22%20width%3D%22300%22%20height%3D%22200%22%20xmlns%3D%22http%3A%2F%2Fwww.w3.org%2F2000%2Fsvg%22%3E%3Crect%20width%3D%22300%22%20height%3D%22200%22%20fill%3D%22transparent%22%2F%3E%3C%2Fsvg%3E\" alt=\"2mk4Mt2R_Tg\" width=\"300\" height=\"200\" title=\"\" old-srcset=\"https:\/\/ml4x93qfxru4.i.optimole.com\/cb:3_vw.eda\/w:300\/h:200\/q:mauto\/f:best\/https:\/\/romantica.su\/wp-content\/uploads\/2013\/10\/2mk4Mt2R_Tg.jpg 300w, https:\/\/ml4x93qfxru4.i.optimole.com\/cb:3_vw.eda\/w:150\/h:100\/q:mauto\/f:best\/https:\/\/romantica.su\/wp-content\/uploads\/2013\/10\/2mk4Mt2R_Tg.jpg 150w, https:\/\/ml4x93qfxru4.i.optimole.com\/cb:3_vw.eda\/w:140\/h:94\/q:mauto\/f:best\/dpr:2\/https:\/\/romantica.su\/wp-content\/uploads\/2013\/10\/2mk4Mt2R_Tg.jpg 140w, https:\/\/ml4x93qfxru4.i.optimole.com\/cb:3_vw.eda\/w:604\/h:403\/q:mauto\/f:best\/https:\/\/romantica.su\/wp-content\/uploads\/2013\/10\/2mk4Mt2R_Tg.jpg 604w\" \/><noscript><img data-opt-id=1902577048  decoding=\"async\" class=\"alignnone size-medium wp-image-7076\" src=\"https:\/\/ml4x93qfxru4.i.optimole.com\/cb:3_vw.eda\/w:300\/h:200\/q:mauto\/f:best\/http:\/\/romantica.su\/wp-content\/uploads\/2013\/10\/2mk4Mt2R_Tg.jpg\" alt=\"2mk4Mt2R_Tg\" width=\"300\" height=\"200\" title=\"\" srcset=\"https:\/\/ml4x93qfxru4.i.optimole.com\/cb:3_vw.eda\/w:300\/h:200\/q:mauto\/f:best\/https:\/\/romantica.su\/wp-content\/uploads\/2013\/10\/2mk4Mt2R_Tg.jpg 300w, https:\/\/ml4x93qfxru4.i.optimole.com\/cb:3_vw.eda\/w:150\/h:100\/q:mauto\/f:best\/https:\/\/romantica.su\/wp-content\/uploads\/2013\/10\/2mk4Mt2R_Tg.jpg 150w, https:\/\/ml4x93qfxru4.i.optimole.com\/cb:3_vw.eda\/w:140\/h:94\/q:mauto\/f:best\/dpr:2\/https:\/\/romantica.su\/wp-content\/uploads\/2013\/10\/2mk4Mt2R_Tg.jpg 140w, https:\/\/ml4x93qfxru4.i.optimole.com\/cb:3_vw.eda\/w:604\/h:403\/q:mauto\/f:best\/https:\/\/romantica.su\/wp-content\/uploads\/2013\/10\/2mk4Mt2R_Tg.jpg 604w\" sizes=\"(max-width: 300px) 100vw, 300px\" \/></noscript><img data-opt-id=119796834  data-opt-src=\"https:\/\/ml4x93qfxru4.i.optimole.com\/cb:3_vw.eda\/w:300\/h:200\/q:mauto\/f:best\/http:\/\/romantica.su\/wp-content\/uploads\/2013\/10\/114.jpg\"  decoding=\"async\" class=\"alignnone size-medium wp-image-7075\" src=\"data:image/svg+xml,%3Csvg%20viewBox%3D%220%200%20300%20200%22%20width%3D%22300%22%20height%3D%22200%22%20xmlns%3D%22http%3A%2F%2Fwww.w3.org%2F2000%2Fsvg%22%3E%3Crect%20width%3D%22300%22%20height%3D%22200%22%20fill%3D%22transparent%22%2F%3E%3C%2Fsvg%3E\" alt=\"1\" width=\"300\" height=\"200\" title=\"\" old-srcset=\"https:\/\/ml4x93qfxru4.i.optimole.com\/cb:3_vw.eda\/w:300\/h:200\/q:mauto\/f:best\/https:\/\/romantica.su\/wp-content\/uploads\/2013\/10\/114.jpg 300w, https:\/\/ml4x93qfxru4.i.optimole.com\/cb:3_vw.eda\/w:150\/h:100\/q:mauto\/f:best\/https:\/\/romantica.su\/wp-content\/uploads\/2013\/10\/114.jpg 150w, https:\/\/ml4x93qfxru4.i.optimole.com\/cb:3_vw.eda\/w:140\/h:94\/q:mauto\/f:best\/dpr:2\/https:\/\/romantica.su\/wp-content\/uploads\/2013\/10\/114.jpg 140w, https:\/\/ml4x93qfxru4.i.optimole.com\/cb:3_vw.eda\/w:604\/h:403\/q:mauto\/f:best\/https:\/\/romantica.su\/wp-content\/uploads\/2013\/10\/114.jpg 604w\" \/><noscript><img data-opt-id=119796834  decoding=\"async\" class=\"alignnone size-medium wp-image-7075\" src=\"https:\/\/ml4x93qfxru4.i.optimole.com\/cb:3_vw.eda\/w:300\/h:200\/q:mauto\/f:best\/http:\/\/romantica.su\/wp-content\/uploads\/2013\/10\/114.jpg\" alt=\"1\" width=\"300\" height=\"200\" title=\"\" srcset=\"https:\/\/ml4x93qfxru4.i.optimole.com\/cb:3_vw.eda\/w:300\/h:200\/q:mauto\/f:best\/https:\/\/romantica.su\/wp-content\/uploads\/2013\/10\/114.jpg 300w, https:\/\/ml4x93qfxru4.i.optimole.com\/cb:3_vw.eda\/w:150\/h:100\/q:mauto\/f:best\/https:\/\/romantica.su\/wp-content\/uploads\/2013\/10\/114.jpg 150w, https:\/\/ml4x93qfxru4.i.optimole.com\/cb:3_vw.eda\/w:140\/h:94\/q:mauto\/f:best\/dpr:2\/https:\/\/romantica.su\/wp-content\/uploads\/2013\/10\/114.jpg 140w, https:\/\/ml4x93qfxru4.i.optimole.com\/cb:3_vw.eda\/w:604\/h:403\/q:mauto\/f:best\/https:\/\/romantica.su\/wp-content\/uploads\/2013\/10\/114.jpg 604w\" sizes=\"(max-width: 300px) 100vw, 300px\" \/></noscript><img data-opt-id=265184138  data-opt-src=\"https:\/\/ml4x93qfxru4.i.optimole.com\/cb:3_vw.eda\/w:300\/h:200\/q:mauto\/f:best\/http:\/\/romantica.su\/wp-content\/uploads\/2013\/10\/TkayjbwdnX4.jpg\"  decoding=\"async\" class=\"alignnone size-medium wp-image-7081\" src=\"data:image/svg+xml,%3Csvg%20viewBox%3D%220%200%20300%20200%22%20width%3D%22300%22%20height%3D%22200%22%20xmlns%3D%22http%3A%2F%2Fwww.w3.org%2F2000%2Fsvg%22%3E%3Crect%20width%3D%22300%22%20height%3D%22200%22%20fill%3D%22transparent%22%2F%3E%3C%2Fsvg%3E\" alt=\"TkayjbwdnX4\" width=\"300\" height=\"200\" title=\"\" old-srcset=\"https:\/\/ml4x93qfxru4.i.optimole.com\/cb:3_vw.eda\/w:300\/h:200\/q:mauto\/f:best\/https:\/\/romantica.su\/wp-content\/uploads\/2013\/10\/TkayjbwdnX4.jpg 300w, https:\/\/ml4x93qfxru4.i.optimole.com\/cb:3_vw.eda\/w:150\/h:100\/q:mauto\/f:best\/https:\/\/romantica.su\/wp-content\/uploads\/2013\/10\/TkayjbwdnX4.jpg 150w, https:\/\/ml4x93qfxru4.i.optimole.com\/cb:3_vw.eda\/w:140\/h:94\/q:mauto\/f:best\/dpr:2\/https:\/\/romantica.su\/wp-content\/uploads\/2013\/10\/TkayjbwdnX4.jpg 140w, https:\/\/ml4x93qfxru4.i.optimole.com\/cb:3_vw.eda\/w:604\/h:403\/q:mauto\/f:best\/https:\/\/romantica.su\/wp-content\/uploads\/2013\/10\/TkayjbwdnX4.jpg 604w\" \/><noscript><img data-opt-id=265184138  decoding=\"async\" class=\"alignnone size-medium wp-image-7081\" src=\"https:\/\/ml4x93qfxru4.i.optimole.com\/cb:3_vw.eda\/w:300\/h:200\/q:mauto\/f:best\/http:\/\/romantica.su\/wp-content\/uploads\/2013\/10\/TkayjbwdnX4.jpg\" alt=\"TkayjbwdnX4\" width=\"300\" height=\"200\" title=\"\" srcset=\"https:\/\/ml4x93qfxru4.i.optimole.com\/cb:3_vw.eda\/w:300\/h:200\/q:mauto\/f:best\/https:\/\/romantica.su\/wp-content\/uploads\/2013\/10\/TkayjbwdnX4.jpg 300w, https:\/\/ml4x93qfxru4.i.optimole.com\/cb:3_vw.eda\/w:150\/h:100\/q:mauto\/f:best\/https:\/\/romantica.su\/wp-content\/uploads\/2013\/10\/TkayjbwdnX4.jpg 150w, https:\/\/ml4x93qfxru4.i.optimole.com\/cb:3_vw.eda\/w:140\/h:94\/q:mauto\/f:best\/dpr:2\/https:\/\/romantica.su\/wp-content\/uploads\/2013\/10\/TkayjbwdnX4.jpg 140w, https:\/\/ml4x93qfxru4.i.optimole.com\/cb:3_vw.eda\/w:604\/h:403\/q:mauto\/f:best\/https:\/\/romantica.su\/wp-content\/uploads\/2013\/10\/TkayjbwdnX4.jpg 604w\" sizes=\"(max-width: 300px) 100vw, 300px\" \/></noscript><img data-opt-id=1777467230  data-opt-src=\"https:\/\/ml4x93qfxru4.i.optimole.com\/cb:3_vw.eda\/w:300\/h:200\/q:mauto\/f:best\/http:\/\/romantica.su\/wp-content\/uploads\/2013\/10\/6OSyIc55sxk.jpg\"  decoding=\"async\" class=\"alignnone size-medium wp-image-7077\" src=\"data:image/svg+xml,%3Csvg%20viewBox%3D%220%200%20300%20200%22%20width%3D%22300%22%20height%3D%22200%22%20xmlns%3D%22http%3A%2F%2Fwww.w3.org%2F2000%2Fsvg%22%3E%3Crect%20width%3D%22300%22%20height%3D%22200%22%20fill%3D%22transparent%22%2F%3E%3C%2Fsvg%3E\" alt=\"6OSyIc55sxk\" width=\"300\" height=\"200\" title=\"\" old-srcset=\"https:\/\/ml4x93qfxru4.i.optimole.com\/cb:3_vw.eda\/w:300\/h:200\/q:mauto\/f:best\/https:\/\/romantica.su\/wp-content\/uploads\/2013\/10\/6OSyIc55sxk.jpg 300w, https:\/\/ml4x93qfxru4.i.optimole.com\/cb:3_vw.eda\/w:150\/h:100\/q:mauto\/f:best\/https:\/\/romantica.su\/wp-content\/uploads\/2013\/10\/6OSyIc55sxk.jpg 150w, https:\/\/ml4x93qfxru4.i.optimole.com\/cb:3_vw.eda\/w:140\/h:94\/q:mauto\/f:best\/dpr:2\/https:\/\/romantica.su\/wp-content\/uploads\/2013\/10\/6OSyIc55sxk.jpg 140w, https:\/\/ml4x93qfxru4.i.optimole.com\/cb:3_vw.eda\/w:604\/h:403\/q:mauto\/f:best\/https:\/\/romantica.su\/wp-content\/uploads\/2013\/10\/6OSyIc55sxk.jpg 604w\" \/><noscript><img data-opt-id=1777467230  decoding=\"async\" class=\"alignnone size-medium wp-image-7077\" src=\"https:\/\/ml4x93qfxru4.i.optimole.com\/cb:3_vw.eda\/w:300\/h:200\/q:mauto\/f:best\/http:\/\/romantica.su\/wp-content\/uploads\/2013\/10\/6OSyIc55sxk.jpg\" alt=\"6OSyIc55sxk\" width=\"300\" height=\"200\" title=\"\" srcset=\"https:\/\/ml4x93qfxru4.i.optimole.com\/cb:3_vw.eda\/w:300\/h:200\/q:mauto\/f:best\/https:\/\/romantica.su\/wp-content\/uploads\/2013\/10\/6OSyIc55sxk.jpg 300w, https:\/\/ml4x93qfxru4.i.optimole.com\/cb:3_vw.eda\/w:150\/h:100\/q:mauto\/f:best\/https:\/\/romantica.su\/wp-content\/uploads\/2013\/10\/6OSyIc55sxk.jpg 150w, https:\/\/ml4x93qfxru4.i.optimole.com\/cb:3_vw.eda\/w:140\/h:94\/q:mauto\/f:best\/dpr:2\/https:\/\/romantica.su\/wp-content\/uploads\/2013\/10\/6OSyIc55sxk.jpg 140w, https:\/\/ml4x93qfxru4.i.optimole.com\/cb:3_vw.eda\/w:604\/h:403\/q:mauto\/f:best\/https:\/\/romantica.su\/wp-content\/uploads\/2013\/10\/6OSyIc55sxk.jpg 604w\" sizes=\"(max-width: 300px) 100vw, 300px\" \/></noscript><img data-opt-id=82273993  data-opt-src=\"https:\/\/ml4x93qfxru4.i.optimole.com\/cb:3_vw.eda\/w:300\/h:200\/q:mauto\/f:best\/http:\/\/romantica.su\/wp-content\/uploads\/2013\/10\/dem0lG70goI.jpg\"  decoding=\"async\" class=\"alignnone size-medium wp-image-7078\" src=\"data:image/svg+xml,%3Csvg%20viewBox%3D%220%200%20300%20200%22%20width%3D%22300%22%20height%3D%22200%22%20xmlns%3D%22http%3A%2F%2Fwww.w3.org%2F2000%2Fsvg%22%3E%3Crect%20width%3D%22300%22%20height%3D%22200%22%20fill%3D%22transparent%22%2F%3E%3C%2Fsvg%3E\" alt=\"dem0lG70goI\" width=\"300\" height=\"200\" title=\"\" old-srcset=\"https:\/\/ml4x93qfxru4.i.optimole.com\/cb:3_vw.eda\/w:300\/h:200\/q:mauto\/f:best\/https:\/\/romantica.su\/wp-content\/uploads\/2013\/10\/dem0lG70goI.jpg 300w, https:\/\/ml4x93qfxru4.i.optimole.com\/cb:3_vw.eda\/w:150\/h:100\/q:mauto\/f:best\/https:\/\/romantica.su\/wp-content\/uploads\/2013\/10\/dem0lG70goI.jpg 150w, https:\/\/ml4x93qfxru4.i.optimole.com\/cb:3_vw.eda\/w:140\/h:94\/q:mauto\/f:best\/dpr:2\/https:\/\/romantica.su\/wp-content\/uploads\/2013\/10\/dem0lG70goI.jpg 140w, https:\/\/ml4x93qfxru4.i.optimole.com\/cb:3_vw.eda\/w:604\/h:403\/q:mauto\/f:best\/https:\/\/romantica.su\/wp-content\/uploads\/2013\/10\/dem0lG70goI.jpg 604w\" \/><noscript><img data-opt-id=82273993  decoding=\"async\" class=\"alignnone size-medium wp-image-7078\" src=\"https:\/\/ml4x93qfxru4.i.optimole.com\/cb:3_vw.eda\/w:300\/h:200\/q:mauto\/f:best\/http:\/\/romantica.su\/wp-content\/uploads\/2013\/10\/dem0lG70goI.jpg\" alt=\"dem0lG70goI\" width=\"300\" height=\"200\" title=\"\" srcset=\"https:\/\/ml4x93qfxru4.i.optimole.com\/cb:3_vw.eda\/w:300\/h:200\/q:mauto\/f:best\/https:\/\/romantica.su\/wp-content\/uploads\/2013\/10\/dem0lG70goI.jpg 300w, https:\/\/ml4x93qfxru4.i.optimole.com\/cb:3_vw.eda\/w:150\/h:100\/q:mauto\/f:best\/https:\/\/romantica.su\/wp-content\/uploads\/2013\/10\/dem0lG70goI.jpg 150w, https:\/\/ml4x93qfxru4.i.optimole.com\/cb:3_vw.eda\/w:140\/h:94\/q:mauto\/f:best\/dpr:2\/https:\/\/romantica.su\/wp-content\/uploads\/2013\/10\/dem0lG70goI.jpg 140w, https:\/\/ml4x93qfxru4.i.optimole.com\/cb:3_vw.eda\/w:604\/h:403\/q:mauto\/f:best\/https:\/\/romantica.su\/wp-content\/uploads\/2013\/10\/dem0lG70goI.jpg 604w\" sizes=\"(max-width: 300px) 100vw, 300px\" \/></noscript><\/p>\n<p><img data-opt-id=713440654  data-opt-src=\"https:\/\/ml4x93qfxru4.i.optimole.com\/cb:3_vw.eda\/w:auto\/h:auto\/q:mauto\/f:best\/http:\/\/romantica.su\/wp-content\/uploads\/2013\/10\/DS8KgiBvM6Y.jpg\"  decoding=\"async\" class=\"alignnone size-full wp-image-7079\" src=\"data:image/svg+xml,%3Csvg%20viewBox%3D%220%200%20100%%20100%%22%20width%3D%22100%%22%20height%3D%22100%%22%20xmlns%3D%22http%3A%2F%2Fwww.w3.org%2F2000%2Fsvg%22%3E%3Crect%20width%3D%22100%%22%20height%3D%22100%%22%20fill%3D%22transparent%22%2F%3E%3C%2Fsvg%3E\" alt=\"DS8KgiBvM6Y\" width=\"604\" height=\"403\" title=\"\" old-srcset=\"https:\/\/ml4x93qfxru4.i.optimole.com\/cb:3_vw.eda\/w:604\/h:403\/q:mauto\/f:best\/https:\/\/romantica.su\/wp-content\/uploads\/2013\/10\/DS8KgiBvM6Y.jpg 604w, https:\/\/ml4x93qfxru4.i.optimole.com\/cb:3_vw.eda\/w:150\/h:100\/q:mauto\/f:best\/https:\/\/romantica.su\/wp-content\/uploads\/2013\/10\/DS8KgiBvM6Y.jpg 150w, https:\/\/ml4x93qfxru4.i.optimole.com\/cb:3_vw.eda\/w:300\/h:200\/q:mauto\/f:best\/https:\/\/romantica.su\/wp-content\/uploads\/2013\/10\/DS8KgiBvM6Y.jpg 300w, https:\/\/ml4x93qfxru4.i.optimole.com\/cb:3_vw.eda\/w:140\/h:94\/q:mauto\/f:best\/dpr:2\/https:\/\/romantica.su\/wp-content\/uploads\/2013\/10\/DS8KgiBvM6Y.jpg 140w\" \/><noscript><img data-opt-id=713440654  decoding=\"async\" class=\"alignnone size-full wp-image-7079\" src=\"https:\/\/ml4x93qfxru4.i.optimole.com\/cb:3_vw.eda\/w:auto\/h:auto\/q:mauto\/f:best\/http:\/\/romantica.su\/wp-content\/uploads\/2013\/10\/DS8KgiBvM6Y.jpg\" alt=\"DS8KgiBvM6Y\" width=\"604\" height=\"403\" title=\"\" srcset=\"https:\/\/ml4x93qfxru4.i.optimole.com\/cb:3_vw.eda\/w:604\/h:403\/q:mauto\/f:best\/https:\/\/romantica.su\/wp-content\/uploads\/2013\/10\/DS8KgiBvM6Y.jpg 604w, https:\/\/ml4x93qfxru4.i.optimole.com\/cb:3_vw.eda\/w:150\/h:100\/q:mauto\/f:best\/https:\/\/romantica.su\/wp-content\/uploads\/2013\/10\/DS8KgiBvM6Y.jpg 150w, https:\/\/ml4x93qfxru4.i.optimole.com\/cb:3_vw.eda\/w:300\/h:200\/q:mauto\/f:best\/https:\/\/romantica.su\/wp-content\/uploads\/2013\/10\/DS8KgiBvM6Y.jpg 300w, https:\/\/ml4x93qfxru4.i.optimole.com\/cb:3_vw.eda\/w:140\/h:94\/q:mauto\/f:best\/dpr:2\/https:\/\/romantica.su\/wp-content\/uploads\/2013\/10\/DS8KgiBvM6Y.jpg 140w\" sizes=\"(max-width: 604px) 100vw, 604px\" \/></noscript><\/p>","protected":false},"excerpt":{"rendered":"<p>\u0412 \u00a0\u043f\u0435\u0440\u0435\u0432\u043e\u0434\u0435 \u043e\u0437\u043d\u0430\u0447\u0430\u0435\u0442 \u0431\u043e\u043b\u044c\u0448\u0430\u044f \u043c\u043e\u0440\u0441\u043a\u0430\u044f \u0440\u0430\u043a\u043e\u0432\u0438\u043d\u0430.\u00a0\u042d\u0442\u043e\u0442 \u0442\u0430\u0439\u0441\u043a\u0438\u0439 \u0441\u0432\u0430\u0434\u0435\u0431\u043d\u044b\u0439 \u043e\u0431\u0440\u044f\u0434 \u044f\u0432\u043b\u044f\u0435\u0442\u0441\u044f \u043a\u043b\u044e\u0447\u0435\u0432\u044b\u043c \u0434\u0435\u0439\u0441\u0442\u0432\u0438\u0435\u043c \u043d\u0430 \u0441\u0432\u0430\u0434\u044c\u0431\u0435 \u0438 \u0441\u0447\u0438\u0442\u0430\u0435\u0442\u0441\u044f \u0441\u0430\u043c\u044b\u043c \u0432\u0430\u0436\u043d\u044b\u043c. \u041d\u0435\u0432\u0435\u0441\u0442\u0443 \u0438 \u0436\u0435\u043d\u0438\u0445\u0430 \u0441\u0430\u0436\u0430\u044e\u0442 \u043d\u0430 \u043a\u043e\u043b\u0435\u043d\u0438 \u0440\u044f\u0434\u043e\u043c \u0434\u0440\u0443\u0433 \u0441 \u0434\u0440\u0443\u0433\u043e\u043c \u043d\u0430 \u043d\u0435\u0431\u043e\u043b\u044c\u0448\u043e\u0439 \u043f\u043e\u043c\u043e\u0441\u0442 \u00a0\u0438\u043b\u0438 \u0441\u043f\u0435\u0446\u0438\u0430\u043b\u044c\u043d\u044b\u0435 \u043f\u0443\u0444\u0438\u043a\u0438. \u041d\u0430 \u0440\u0443\u043a\u0438 \u043c\u043e\u043b\u043e\u0434\u043e\u0436\u0435\u043d\u043e\u0432, \u0441\u043b\u043e\u0436\u0435\u043d\u043d\u044b\u0445 \u0432 \u0442\u0430\u0439\u0441\u043a\u043e\u043c \u043f\u0440\u0438\u0432\u0435\u0442\u0441\u0442\u0432\u0438\u0438, \u0433\u043e\u0441\u0442\u0438 \u043f\u043e \u043e\u0447\u0435\u0440\u0435\u0434\u0438\u00a0\u00a0\u043f\u043e\u043b\u0438\u0432\u0430\u044e\u0442 \u0432\u043e\u0434\u0443 \u0438\u0437 \u043c\u043e\u0440\u0441\u043a\u043e\u0439 \u0440\u0430\u043a\u043e\u0432\u0438\u043d\u044b \u0441 \u043f\u043e\u0436\u0435\u043b\u0430\u043d\u0438\u0435\u043c \u0441\u0447\u0430\u0441\u0442\u043b\u0438\u0432\u043e\u0439 \u0441\u0435\u043c\u0435\u0439\u043d\u043e\u0439 \u0436\u0438\u0437\u043d\u0438. \u0412\u043e\u0434\u0430 \u0431\u0435\u0440\u0435\u0442\u0441\u044f [&hellip;]<\/p>\n","protected":false},"author":828751,"featured_media":0,"parent":0,"menu_order":0,"comment_status":"open","ping_status":"open","template":"","meta":{"footnotes":""},"class_list":["post-3407","page","type-page","status-publish","hentry"],"_links":{"self":[{"href":"https:\/\/romantica.su\/de\/wp-json\/wp\/v2\/pages\/3407","targetHints":{"allow":["GET"]}}],"collection":[{"href":"https:\/\/romantica.su\/de\/wp-json\/wp\/v2\/pages"}],"about":[{"href":"https:\/\/romantica.su\/de\/wp-json\/wp\/v2\/types\/page"}],"author":[{"embeddable":true,"href":"https:\/\/romantica.su\/de\/wp-json\/wp\/v2\/users\/828751"}],"replies":[{"embeddable":true,"href":"https:\/\/romantica.su\/de\/wp-json\/wp\/v2\/comments?post=3407"}],"version-history":[{"count":0,"href":"https:\/\/romantica.su\/de\/wp-json\/wp\/v2\/pages\/3407\/revisions"}],"wp:attachment":[{"href":"https:\/\/romantica.su\/de\/wp-json\/wp\/v2\/media?parent=3407"}],"curies":[{"name":"wp","href":"https:\/\/api.w.org\/{rel}","templated":true}]}}