{"id":2511,"date":"2013-07-20T11:38:55","date_gmt":"2013-07-20T04:38:55","guid":{"rendered":"http:\/\/romantica.su\/?page_id=2511"},"modified":"2026-03-26T10:19:02","modified_gmt":"2026-03-26T03:19:02","slug":"hochzeit-auf-der-insel-samui-in-tailande-2","status":"publish","type":"page","link":"https:\/\/romantica.su\/de\/svadba-na-samui-2\/venchanie-na-ostrove-samui-v-tailande\/","title":{"rendered":"Hochzeit auf Koh Samui in Thailand"},"content":{"rendered":"<div class=\"et_pb_section_0 et_pb_section et_section_regular et_block_section\"><div class=\"et_pb_row_0 et_pb_row et_block_row\"><div class=\"et_pb_column_0 et_pb_column et_pb_column_4_4 et-last-child et_block_column et_pb_css_mix_blend_mode_passthrough\"><div class=\"et_pb_text_0 et_pb_text et_pb_bg_layout_light et_pb_module et_block_module\"><div class=\"et_pb_text_inner\"><h3 style=\"text-align: center;\"><strong>Hochzeit auf Koh Samui in Thailand<\/strong><\/h3>\n<p><!--:en-->Seit Juli 2013 ist die Kirche Mari\u00e4 Himmelfahrt auf der Insel Koh Samui, dem Paradies der Liebe, ge\u00f6ffnet. Das Sakrament der Ehe ist nicht nur die Verbindung zweier Herzen, sondern auch das Versprechen, das Sie einander vor Gott geben! Die Ehe ist Erleuchtung und Geheimnis zugleich. Sie ver\u00e4ndert Menschen, erweitert ihre Pers\u00f6nlichkeit, und aus einem Leben werden zwei, sp\u00e4ter eine ganze Familie! Die Eheschlie\u00dfung auf Koh Samui ist viel einfacher als in Russland, da sowohl der Lebensstil als auch die Atmosph\u00e4re auf der Insel v\u00f6llig anders sind. Um auf Koh Samui kirchlich zu heiraten, m\u00fcssen Sie einige Tage vor der Zeremonie ein Gespr\u00e4ch mit Pater Alexei f\u00fchren, der Ihnen die Ehe und die damit verbundenen Versprechen erl\u00e4utert. Trauungen sind fast das ganze Jahr \u00fcber m\u00f6glich, au\u00dfer in der Fastenzeit.<\/p>\n<p><!--:--><\/p>\n<\/div><\/div><\/div><\/div><\/div><div class=\"et_pb_section_1 et_pb_section et_section_regular et_block_section\"><div class=\"et_pb_row_1 et_pb_row et_block_row\"><div class=\"et_pb_column_1 et_pb_column et_pb_column_4_4 et-last-child et_block_column et_pb_css_mix_blend_mode_passthrough\"><div class=\"et_pb_text_1 et_pb_text et_pb_bg_layout_light et_pb_module et_block_module\"><div class=\"et_pb_text_inner\"><p><strong>Eine Hochzeit auf Koh Samui in Thailand beinhaltet:<\/strong><\/p>\n<ul>\n<li>Vorl\u00e4ufiges Treffen mit dem Rektor des Tempels;<\/li>\n<li>Brautstrau\u00df aus tropischen Blumen;<\/li>\n<li>Boutonniere f\u00fcr den Br\u00e4utigam;<\/li>\n<li>Haare und Make-up f\u00fcr die Braut von einem professionellen Stylisten;<\/li>\n<li>Transfer f\u00fcr ein Paar in einem komfortablen Auto mit Fahrer: Hotel - Tempel - Hotel;<\/li>\n<li>Professionelle Fotografie des gesamten Hochzeitssakraments und Fotografie nach der Zeremonie an wundersch\u00f6nen Orten (Strand, Tempel, Garten).<\/li>\n<\/ul>\n<p>*Angebote beinhalten keine Spende f\u00fcr den Tempel und die Hochzeitsikone<\/p>\n<p><div id=\"attachment_2513\" style=\"width: 310px\" class=\"wp-caption aligncenter\"><a href=\"https:\/\/ml4x93qfxru4.i.optimole.com\/cb:3_vw.eda\/w:auto\/h:auto\/q:mauto\/f:best\/http:\/\/romantica.su\/wp-content\/uploads\/2013\/07\/miniDSC_4936.jpg\"><img data-opt-id=892487982  fetchpriority=\"high\" decoding=\"async\" aria-describedby=\"caption-attachment-2513\" class=\"size-medium wp-image-2513\" title=\"Orthodoxe Hochzeit auf Koh Samui in Thailand\" src=\"https:\/\/ml4x93qfxru4.i.optimole.com\/cb:3_vw.eda\/w:300\/h:199\/q:mauto\/f:best\/http:\/\/romantica.su\/wp-content\/uploads\/2013\/07\/miniDSC_4936.jpg\" alt=\"Hochzeit auf Koh Samui in Thailand \" width=\"300\" height=\"199\" srcset=\"https:\/\/ml4x93qfxru4.i.optimole.com\/cb:3_vw.eda\/w:300\/h:199\/q:mauto\/f:best\/https:\/\/romantica.su\/wp-content\/uploads\/2013\/07\/miniDSC_4936.jpg 300w, https:\/\/ml4x93qfxru4.i.optimole.com\/cb:3_vw.eda\/w:150\/h:99\/q:mauto\/f:best\/https:\/\/romantica.su\/wp-content\/uploads\/2013\/07\/miniDSC_4936.jpg 150w, https:\/\/ml4x93qfxru4.i.optimole.com\/cb:3_vw.eda\/w:207\/h:136\/q:mauto\/f:best\/https:\/\/romantica.su\/wp-content\/uploads\/2013\/07\/miniDSC_4936.jpg 207w, https:\/\/ml4x93qfxru4.i.optimole.com\/cb:3_vw.eda\/w:140\/h:94\/q:mauto\/f:best\/dpr:2\/https:\/\/romantica.su\/wp-content\/uploads\/2013\/07\/miniDSC_4936.jpg 140w, https:\/\/ml4x93qfxru4.i.optimole.com\/cb:3_vw.eda\/w:800\/h:532\/q:mauto\/f:best\/https:\/\/romantica.su\/wp-content\/uploads\/2013\/07\/miniDSC_4936.jpg 800w\" sizes=\"(max-width: 300px) 100vw, 300px\" \/><\/a><p id=\"caption-attachment-2513\" class=\"wp-caption-text\"><span style=\"color: #000000;\">Hochzeit auf Koh Samui in Thailand<\/span><\/p><\/div><div id=\"attachment_2514\" style=\"width: 310px\" class=\"wp-caption aligncenter\"><a href=\"https:\/\/ml4x93qfxru4.i.optimole.com\/cb:3_vw.eda\/w:auto\/h:auto\/q:mauto\/f:best\/http:\/\/romantica.su\/wp-content\/uploads\/2013\/07\/miniDSC_4688.jpg\"><img data-opt-id=590149835  fetchpriority=\"high\" decoding=\"async\" aria-describedby=\"caption-attachment-2514\" class=\"size-medium wp-image-2514\" title=\"Sakrament der Hochzeit in einer orthodoxen Kirche auf Koh Samui in Thailand\" src=\"https:\/\/ml4x93qfxru4.i.optimole.com\/cb:3_vw.eda\/w:300\/h:224\/q:mauto\/f:best\/http:\/\/romantica.su\/wp-content\/uploads\/2013\/07\/miniDSC_4688.jpg\" alt=\"Sakrament der Hochzeit in einer orthodoxen Kirche auf Koh Samui in Thailand\" width=\"300\" height=\"224\" srcset=\"https:\/\/ml4x93qfxru4.i.optimole.com\/cb:3_vw.eda\/w:300\/h:224\/q:mauto\/f:best\/https:\/\/romantica.su\/wp-content\/uploads\/2013\/07\/miniDSC_4688.jpg 300w, https:\/\/ml4x93qfxru4.i.optimole.com\/cb:3_vw.eda\/w:150\/h:112\/q:mauto\/f:best\/https:\/\/romantica.su\/wp-content\/uploads\/2013\/07\/miniDSC_4688.jpg 150w, https:\/\/ml4x93qfxru4.i.optimole.com\/cb:3_vw.eda\/w:800\/h:598\/q:mauto\/f:best\/https:\/\/romantica.su\/wp-content\/uploads\/2013\/07\/miniDSC_4688.jpg 800w\" sizes=\"(max-width: 300px) 100vw, 300px\" \/><\/a><p id=\"caption-attachment-2514\" class=\"wp-caption-text\"><span style=\"color: #000000;\">Orthodoxe Hochzeit auf Koh Samui, Thailand, in einem Tempel<\/span><\/p><\/div><\/p>\n<p><strong>Stellen Sie eine Frage zum Sakrament der Hochzeit auf Koh Samui:<\/strong><br \/>\u260eTel.\/Viber\/WhatsApp: +66881887700<br \/>\u2709<a href=\"mailto:wedding@romantica.su\">wedding@romantica.su<\/a><\/p>\n<p><span style=\"text-decoration: underline;\"><a href=\"http:\/\/romantica.su\/de\/kontakt\/\" target=\"_blank\" rel=\"noopener\">Feedback-Formular \u00fcber die Website&gt;&gt;&gt;<\/a><\/span><\/p>\n<p><!--:--><\/p>\n<\/div><\/div><\/div><\/div><\/div>","protected":false},"excerpt":{"rendered":"","protected":false},"author":828751,"featured_media":2512,"parent":3012,"menu_order":0,"comment_status":"open","ping_status":"open","template":"","meta":{"footnotes":""},"class_list":["post-2511","page","type-page","status-publish","has-post-thumbnail","hentry"],"_links":{"self":[{"href":"https:\/\/romantica.su\/de\/wp-json\/wp\/v2\/pages\/2511","targetHints":{"allow":["GET"]}}],"collection":[{"href":"https:\/\/romantica.su\/de\/wp-json\/wp\/v2\/pages"}],"about":[{"href":"https:\/\/romantica.su\/de\/wp-json\/wp\/v2\/types\/page"}],"author":[{"embeddable":true,"href":"https:\/\/romantica.su\/de\/wp-json\/wp\/v2\/users\/828751"}],"replies":[{"embeddable":true,"href":"https:\/\/romantica.su\/de\/wp-json\/wp\/v2\/comments?post=2511"}],"version-history":[{"count":0,"href":"https:\/\/romantica.su\/de\/wp-json\/wp\/v2\/pages\/2511\/revisions"}],"up":[{"embeddable":true,"href":"https:\/\/romantica.su\/de\/wp-json\/wp\/v2\/pages\/3012"}],"wp:featuredmedia":[{"embeddable":true,"href":"https:\/\/romantica.su\/de\/wp-json\/wp\/v2\/media\/2512"}],"wp:attachment":[{"href":"https:\/\/romantica.su\/de\/wp-json\/wp\/v2\/media?parent=2511"}],"curies":[{"name":"wp","href":"https:\/\/api.w.org\/{rel}","templated":true}]}}