{"id":1881,"date":"2011-12-04T16:23:00","date_gmt":"2011-12-04T09:23:00","guid":{"rendered":"http:\/\/romantica.su\/?page_id=1881"},"modified":"2026-03-26T10:18:57","modified_gmt":"2026-03-26T03:18:57","slug":"hochzeit-auf-der-insel-koh-samet","status":"publish","type":"page","link":"https:\/\/romantica.su\/de\/svadba-za-granicei\/svadba-na-ostrove-ko-samet\/","title":{"rendered":"Hochzeit auf Koh Samet"},"content":{"rendered":"<div class=\"et_pb_section_0 et_pb_section et_section_regular et_block_section\"><div class=\"et_pb_row_0 et_pb_row et_block_row\"><div class=\"et_pb_column_0 et_pb_column et_pb_column_4_4 et-last-child et_block_column et_pb_css_mix_blend_mode_passthrough\"><div class=\"et_pb_text_0 et_pb_text et_pb_bg_layout_light et_pb_module et_block_module\"><div class=\"et_pb_text_inner\"><p>Eine Hochzeit in Thailand kann nicht nur auf dem Festland, sondern auch an der K\u00fcste einer kleinen Insel stattfinden. Wir bieten Ihnen eine unvergessliche Hochzeit auf Koh Samet.<\/p>\n<p>Eine Hochzeit im Kph Samet ist nicht nur eine europ\u00e4ische Zeremonie am Strand in der N\u00e4he des Blumenbogens, sondern auch eine Segnung durch die M\u00f6nche im Tempel, ein Fotoshooting an den sch\u00f6nsten Orten der Insel, das Starten von Gl\u00fcckslaternen bei Sonnenuntergang , aber auch die w\u00e4rmsten Erinnerungen an eine Hochzeit in Thailand.<\/p>\n<div id=\"attachment_1882\" style=\"width: 310px\" class=\"wp-caption aligncenter\"><a href=\"https:\/\/ml4x93qfxru4.i.optimole.com\/cb:3_vw.eda\/w:auto\/h:auto\/q:mauto\/f:best\/https:\/\/romantica.su\/wp-content\/uploads\/2011\/12\/temple10.jpg\"><img data-opt-id=738310376  fetchpriority=\"high\" decoding=\"async\" aria-describedby=\"caption-attachment-1882\" class=\"size-medium wp-image-1882\" title=\"Hochzeit auf der Insel Koh Samet in Thailand\" alt=\"Hochzeit auf Koh Samet\" src=\"https:\/\/ml4x93qfxru4.i.optimole.com\/cb:3_vw.eda\/w:300\/h:200\/q:mauto\/f:best\/https:\/\/romantica.su\/wp-content\/uploads\/2011\/12\/temple10.jpg\" width=\"300\" height=\"200\" srcset=\"https:\/\/ml4x93qfxru4.i.optimole.com\/cb:3_vw.eda\/w:300\/h:200\/q:mauto\/f:best\/https:\/\/romantica.su\/wp-content\/uploads\/2011\/12\/temple10.jpg 300w, https:\/\/ml4x93qfxru4.i.optimole.com\/cb:3_vw.eda\/w:150\/h:100\/q:mauto\/f:best\/https:\/\/romantica.su\/wp-content\/uploads\/2011\/12\/temple10.jpg 150w, https:\/\/ml4x93qfxru4.i.optimole.com\/cb:3_vw.eda\/w:140\/h:94\/q:mauto\/f:best\/dpr:2\/https:\/\/romantica.su\/wp-content\/uploads\/2011\/12\/temple10.jpg 140w, https:\/\/ml4x93qfxru4.i.optimole.com\/cb:3_vw.eda\/w:450\/h:300\/q:mauto\/f:best\/https:\/\/romantica.su\/wp-content\/uploads\/2011\/12\/temple10.jpg 450w\" sizes=\"(max-width: 300px) 100vw, 300px\" \/><\/a><p id=\"caption-attachment-1882\" class=\"wp-caption-text\"><span style=\"color: #000000;\">Hochzeit auf Koh Samet<\/span><\/p><\/div>\n<p><em><strong>Eine Hochzeit auf Koh Samet in Thailand beinhaltet:<\/strong><\/em><\/p>\n<p>- Verleih von thail\u00e4ndischen Trachten f\u00fcr Braut und Br\u00e4utigam<\/p>\n<p>- Make-up und Frisuren f\u00fcr Braut und Br\u00e4utigam<\/p>\n<p>- die gesamte notwendige Ausr\u00fcstung f\u00fcr die Zeremonie im Tempel<\/p>\n<p>- eine Zeremonie zur Segnung der M\u00f6nche im Tempel<\/p>\n<p>- Europ\u00e4ische Zeremonie am Strand der Insel Samet<\/p>\n<p>- ein Bogen mit frischen Blumen<\/p>\n<p>- ein Brautstrau\u00df (die Braut kann die Farbe der Blumen und den Stil des Strau\u00dfes w\u00e4hlen)<\/p>\n<p>- inoffizielle Heiratsurkunde<\/p>\n<p>- Individueller Transfer f\u00fcr Frischverm\u00e4hlte von einem Hotel in Pattaya mit dem Minibus und Gruppentransfer mit dem Boot<\/p>\n<p>- Champagner und Snacks in einem thail\u00e4ndischen Restaurant direkt am Meeresufer<\/p>\n<p>- Hochzeitskoordinatorin und Unterst\u00fctzung in allen Phasen der Vorbereitung und Durchf\u00fchrung der Zeremonie<\/p>\n<p>Professioneller Fotograf<\/p>\n<p>Sie k\u00f6nnen auch eine Hochzeitstorte, ein Abendessen auf dem Meer, ein Feuerwerk, Videoaufnahmen und vieles mehr bestellen!<\/p>\n<p><strong>Schreiben Sie uns romeo@romantica.su<\/strong><\/p>\n<\/div><\/div><\/div><\/div><\/div>","protected":false},"excerpt":{"rendered":"","protected":false},"author":828751,"featured_media":0,"parent":333,"menu_order":0,"comment_status":"open","ping_status":"open","template":"","meta":{"footnotes":""},"class_list":["post-1881","page","type-page","status-publish","hentry"],"_links":{"self":[{"href":"https:\/\/romantica.su\/de\/wp-json\/wp\/v2\/pages\/1881","targetHints":{"allow":["GET"]}}],"collection":[{"href":"https:\/\/romantica.su\/de\/wp-json\/wp\/v2\/pages"}],"about":[{"href":"https:\/\/romantica.su\/de\/wp-json\/wp\/v2\/types\/page"}],"author":[{"embeddable":true,"href":"https:\/\/romantica.su\/de\/wp-json\/wp\/v2\/users\/828751"}],"replies":[{"embeddable":true,"href":"https:\/\/romantica.su\/de\/wp-json\/wp\/v2\/comments?post=1881"}],"version-history":[{"count":0,"href":"https:\/\/romantica.su\/de\/wp-json\/wp\/v2\/pages\/1881\/revisions"}],"up":[{"embeddable":true,"href":"https:\/\/romantica.su\/de\/wp-json\/wp\/v2\/pages\/333"}],"wp:attachment":[{"href":"https:\/\/romantica.su\/de\/wp-json\/wp\/v2\/media?parent=1881"}],"curies":[{"name":"wp","href":"https:\/\/api.w.org\/{rel}","templated":true}]}}