{"id":11720,"date":"2015-10-03T16:02:52","date_gmt":"2015-10-03T09:02:52","guid":{"rendered":"http:\/\/romantica.su\/?page_id=11720"},"modified":"2026-03-26T10:19:43","modified_gmt":"2026-03-26T03:19:43","slug":"buddijskaya-svadba-na-samui-2","status":"publish","type":"page","link":"https:\/\/romantica.su\/de\/buddijskaya-svadba-na-samui\/","title":{"rendered":"Buddhistische Hochzeit auf Koh Samui"},"content":{"rendered":"<div class=\"et_pb_section_0 et_pb_section et_section_regular et_block_section\"><div class=\"et_pb_row_0 et_pb_row et_block_row\"><div class=\"et_pb_column_0 et_pb_column et_pb_column_4_4 et-last-child et_block_column et_pb_css_mix_blend_mode_passthrough\"><div class=\"et_pb_text_0 et_pb_text et_pb_bg_layout_light et_pb_module et_block_module\"><div class=\"et_pb_text_inner\"><h3 class=\"main_title\" style=\"text-align: center;\">Hochzeit auf Koh Samui mit buddhistischen M\u00f6nchen, buddhistische Hochzeit<\/h3>\n<div class=\"entry-content\">\n<p>Eine Hochzeitszeremonie auf Samui unter Beteiligung buddhistischer M\u00f6nche ist eine Gelegenheit, in die Traditionen und Kultur des geheimnisvollen Thailands einzutauchen. Die Zeremonie findet in der malerischsten Tempelanlage auf Koh Samui statt. Buddhistische M\u00f6nche werden unter der Leitung des Abtes des Tempels Gebete und Mantras lesen und Buddha bitten, die heilige Vereinigung der Liebe zu segnen. Eine Hochzeitszeremonie im thail\u00e4ndischen Stil eignet sich f\u00fcr Paare jeder Religion und jeden Alters und kann auch eine tolle Erg\u00e4nzung sein <span style=\"text-decoration: underline;\"><a href=\"http:\/\/romantica.su\/de\/europejskaya-svadba-na-plyazhe-samui-2\/\">Europ\u00e4ische Hochzeitszeremonie<\/a><\/span>.<\/p>\n<p><strong>Kostenlose Beratung mit einem Trauungskoordinator:<\/strong><\/p>\n<p>\u260eTel.\/Viber\/WhatsApp: +66881887700<br \/>\u2709<a href=\"mailto:wedding@romantica.su\">wedding@romantica.su<\/a><\/p>\n<p><a href=\"http:\/\/romantica.su\/de\/kontakt\/\" target=\"_blank\" rel=\"noopener\">Feedback-Formular \u00fcber die Website&gt;&gt;&gt;<\/a><\/p>\n<\/div>\n<\/div><\/div><\/div><\/div><\/div><div class=\"et_pb_section_1 et_pb_section et_section_regular et_block_section\"><div class=\"et_pb_row_1 et_pb_row et_block_row\"><div class=\"et_pb_column_1 et_pb_column et_pb_column_1_2 et_block_column et_pb_css_mix_blend_mode_passthrough\"><div class=\"et_pb_video_0 et_pb_video et_pb_module et_block_module\"><div class=\"et_pb_video_box\"><iframe title=\"Buddhistische D&amp;J-Zeremonie + Hochzeit im europ\u00e4ischen Stil am Strand. | Thailand-Fotoshooting\" width=\"1080\" height=\"608\" src=\"https:\/\/www.youtube.com\/embed\/ZZ3PHE7VYYE?feature=oembed&amp;controls=1\"  allow=\"accelerometer; autoplay; clipboard-write; encrypted-media; gyroscope; picture-in-picture; web-share\" referrerpolicy=\"strict-origin-when-cross-origin\" allowfullscreen><\/iframe><\/div><\/div><\/div><div class=\"et_pb_column_2 et_pb_column et_pb_column_1_2 et-last-child et_block_column et_pb_css_mix_blend_mode_passthrough\"><div class=\"et_pb_video_1 et_pb_video et_pb_module et_block_module\"><div class=\"et_pb_video_box\"><iframe title=\"Buddhistische K&amp;M-Zeremonie + Hochzeit im europ\u00e4ischen Stil am Strand. | Thailand-Fotoshooting\" width=\"1080\" height=\"608\" src=\"https:\/\/www.youtube.com\/embed\/OwD87wAIWcc?feature=oembed&amp;controls=1\"  allow=\"accelerometer; autoplay; clipboard-write; encrypted-media; gyroscope; picture-in-picture; web-share\" referrerpolicy=\"strict-origin-when-cross-origin\" allowfullscreen><\/iframe><\/div><\/div><\/div><\/div><\/div><div class=\"et_pb_section_2 et_pb_section et_section_regular et_block_section\"><div class=\"et_pb_row_2 et_pb_row et_block_row\"><div class=\"et_pb_column_3 et_pb_column et_pb_column_4_4 et-last-child et_block_column et_pb_css_mix_blend_mode_passthrough\"><div class=\"et_pb_divider_0 et_pb_divider et_pb_space et_pb_divider_position_center et_pb_module\"><div class=\"et_pb_divider_internal\"><\/div><\/div><\/div><\/div><\/div><div class=\"et_pb_section_3 et_pb_section et_section_regular et_block_section\"><div class=\"et_pb_row_3 et_pb_row et_block_row\"><div class=\"et_pb_column_4 et_pb_column et_pb_column_4_4 et-last-child et_block_column et_pb_css_mix_blend_mode_passthrough\"><div class=\"et_pb_text_1 et_pb_text et_pb_bg_layout_light et_pb_module et_block_module\"><div class=\"et_pb_text_inner\"><h3 style=\"text-align: center;\"><strong>Kombinierte Zeremonie auf Koh Samui im Angebot<\/strong><\/h3>\n<ul>\n<li>Segen von buddhistischen M\u00f6nchen im Tempel;<\/li>\n<li>Heiratsurkunde (symbolisch);<\/li>\n<li>Eine Opfergabe f\u00fcr die M\u00f6nche, eine Spende f\u00fcr den Tempel, Blumen und Weihrauch f\u00fcr den Buddha;<\/li>\n<li>Blumenzelt f\u00fcr Zeremonie und Abendessen;<\/li>\n<li>Brautstrau\u00df aus tropischen Orchideen\/Lotusblumen;<\/li>\n<li>Boutonniere f\u00fcr den Br\u00e4utigam;<\/li>\n<li>Ringschalendesign;<\/li>\n<li>Eine Flasche Sekt;<\/li>\n<li>Sandzeremonie \u2013 eine symbolische Hochzeitsurkunde;<\/li>\n<li>Transfer f\u00fcr ein Paar entlang der Strecke: Hotel \u2013 Veranstaltungsort \u2013 Hotel;<\/li>\n<li>Russischsprachiger Zeremonienmeister;<\/li>\n<li>Bl\u00fctenbl\u00e4tter entlang des Weges zum Bogen\/Zelt;<\/li>\n<li>Symbolische Hochzeitsurkunde;<\/li>\n<li>Dienstleistungen eines Fotografen;<\/li>\n<li>Hochzeitsessen am Strand;<\/li>\n<li>Vorl\u00e4ufiges Treffen mit dem Hochzeitskoordinator.<\/li>\n<\/ul>\n<p><span style=\"text-decoration: underline;\"><a href=\"http:\/\/romantica.su\/de\/kontakt\/\" target=\"_blank\" rel=\"noopener\">Stellen Sie eine Frage zur Hochzeitszeremonie&gt;&gt;&gt;<\/a><\/span><\/p>\n<\/div><\/div><\/div><\/div><\/div><div class=\"et_pb_section_4 et_pb_section et_section_regular et_block_section\"><div class=\"et_pb_row_4 et_pb_row et_block_row\"><div class=\"et_pb_column_5 et_pb_column et_pb_column_4_4 et-last-child et_block_column et_pb_css_mix_blend_mode_passthrough\"><div class=\"et_pb_divider_1 et_pb_divider et_pb_space et_pb_divider_position_center et_pb_module\"><div class=\"et_pb_divider_internal\"><\/div><\/div><\/div><\/div><\/div><div class=\"et_pb_section_5 et_pb_section et_section_regular et_block_section\"><div class=\"et_pb_row_5 et_pb_row et_block_row\"><div class=\"et_pb_column_6 et_pb_column et_pb_column_4_4 et-last-child et_block_column et_pb_css_mix_blend_mode_passthrough\"><div class=\"et_pb_text_2 et_pb_text et_pb_bg_layout_light et_pb_module et_block_module\"><div class=\"et_pb_text_inner\"><h3 style=\"text-align: center;\"><strong>Kombinierte Zeremonie auf Koh Samui<\/strong><\/h3>\n<p style=\"text-align: center;\">Segnung durch buddhistische M\u00f6nche + europ\u00e4ische Zeremonie am Strand<\/p>\n<ul>\n<li>Segen von buddhistischen M\u00f6nchen im Tempel;<\/li>\n<li>Heiratsurkunde (symbolisch);<\/li>\n<li>Eine Opfergabe f\u00fcr die M\u00f6nche, eine Spende f\u00fcr den Tempel, Blumen und Weihrauch f\u00fcr den Buddha;<\/li>\n<li>Tropischer Blumenbogen oder Blumenzelt;<\/li>\n<li>Auswahl des Farbschemas f\u00fcr die Hochzeitszeremonie;<\/li>\n<li>Brautstrau\u00df aus tropischen Blumen;<\/li>\n<li>Boutonniere f\u00fcr den Br\u00e4utigam;<\/li>\n<li>Gedeckter Tisch f\u00fcr die Zeremonie;<\/li>\n<li>Ringschalendesign;<\/li>\n<li>Eine Flasche Sekt;<\/li>\n<li>Sandzeremonie \u2013 eine symbolische Hochzeitsurkunde;<\/li>\n<li>Eine Taschenlampe des Gl\u00fccks entfachen;<\/li>\n<li>Transfer f\u00fcr ein Paar entlang der Strecke: Hotel \u2013 Veranstaltungsort \u2013 Hotel;<\/li>\n<li>Russischsprachiger Zeremonienmeister;<\/li>\n<li>Bl\u00fctenbl\u00e4tter entlang des Weges zum Bogen\/Zelt;<\/li>\n<li>Symbolische Hochzeitsurkunde;<\/li>\n<li>Dienstleistungen eines Fotografen;<\/li>\n<li>Vorl\u00e4ufiges Treffen mit dem Hochzeitskoordinator.<\/li>\n<\/ul>\n<p><span style=\"text-decoration: underline;\"><a href=\"http:\/\/romantica.su\/de\/kontakt\/\" target=\"_blank\" rel=\"noopener\">Stellen Sie eine Frage zur Hochzeitszeremonie&gt;&gt;&gt;<\/a><\/span><\/p>\n<\/div><\/div><\/div><\/div><\/div><div class=\"et_pb_section_6 et_pb_section et_section_regular et_block_section\"><div class=\"et_pb_row_6 et_pb_row et_block_row\"><div class=\"et_pb_column_7 et_pb_column et_pb_column_4_4 et-last-child et_block_column et_pb_css_mix_blend_mode_passthrough\"><div class=\"et_pb_divider_2 et_pb_divider et_pb_space et_pb_divider_position_top et_pb_module\"><div class=\"et_pb_divider_internal\"><\/div><\/div><\/div><\/div><\/div><div class=\"et_pb_section_7 et_pb_section et_section_regular et_block_section\"><div class=\"et_pb_row_7 et_pb_row et_block_row\"><div class=\"et_pb_column_8 et_pb_column et_pb_column_4_4 et-last-child et_block_column et_pb_css_mix_blend_mode_passthrough\"><div class=\"et_pb_text_3 et_pb_text et_pb_bg_layout_light et_pb_module et_block_module\"><div class=\"et_pb_text_inner\"><h3 style=\"text-align: center;\"><strong>Thail\u00e4ndisch-europ\u00e4ische Hochzeitszeremonie auf Koh Samui \u2013 Klassisch<\/strong><\/h3>\n<ul>\n<li>Segen von buddhistischen M\u00f6nchen;<\/li>\n<li>Opfergaben f\u00fcr M\u00f6nche, Spende f\u00fcr den Tempel;<\/li>\n<li>Blumen und Weihrauch f\u00fcr Buddha;<\/li>\n<li>Ein mit Seide und Blumen geschm\u00fccktes Zelt oder ein klassischer Blumenbogen aus tropischen Blumen;<\/li>\n<li>6 Blumenarrangements schm\u00fccken den Durchgang zum Bogen\/Zelt;<\/li>\n<li>Auswahl des Farbschemas f\u00fcr die Hochzeitszeremonie;<\/li>\n<li>Brautstrau\u00df aus tropischen Blumen;<\/li>\n<li>Boutonniere f\u00fcr den Br\u00e4utigam;<\/li>\n<li>Gedeckter Tisch f\u00fcr die Zeremonie;<\/li>\n<li>Ringschalendesign;<\/li>\n<li>Eine Flasche Sekt;<\/li>\n<li>Sandzeremonie \u2013 Hochzeitsritual;<\/li>\n<li>Transfer f\u00fcr ein Paar entlang der Strecke Hotel \u2013 Veranstaltungsort \u2013 Hotel;<\/li>\n<li>Russischsprachiger Zeremonienmeister;<\/li>\n<li>Bl\u00fctenbl\u00e4tter zur Dekoration des Durchgangs zum Bogen\/Zelt;<\/li>\n<li>Heiratsurkunde (symbolisch);<\/li>\n<li>Vorl\u00e4ufiges Treffen mit dem Hochzeitskoordinator.<\/li>\n<\/ul>\n<p><span style=\"text-decoration: underline;\"><a href=\"http:\/\/romantica.su\/de\/kontakt\/\" target=\"_blank\" rel=\"noopener\">Stellen Sie eine Frage zur Hochzeitszeremonie&gt;&gt;&gt;<\/a><\/span><\/p>\n<\/div><\/div><\/div><\/div><\/div><div class=\"et_pb_section_8 et_pb_section et_section_regular et_block_section\"><div class=\"et_pb_row_8 et_pb_row et_block_row\"><div class=\"et_pb_column_9 et_pb_column et_pb_column_1_2 et_block_column et_pb_css_mix_blend_mode_passthrough\"><div class=\"et_pb_video_2 et_pb_video et_pb_module et_block_module\"><div class=\"et_pb_video_box\"><iframe title=\"Buddhistische Zeremonie + Hochzeit im europ\u00e4ischen Stil am Strand. | Thailand-Fotoshooting\" width=\"1080\" height=\"608\" src=\"https:\/\/www.youtube.com\/embed\/i73PHTdkLt4?feature=oembed&amp;controls=1\"  allow=\"accelerometer; autoplay; clipboard-write; encrypted-media; gyroscope; picture-in-picture; web-share\" referrerpolicy=\"strict-origin-when-cross-origin\" allowfullscreen><\/iframe><\/div><\/div><\/div><div class=\"et_pb_column_10 et_pb_column et_pb_column_1_2 et-last-child et_block_column et_pb_css_mix_blend_mode_passthrough\"><div class=\"et_pb_video_3 et_pb_video et_pb_module et_block_module\"><div class=\"et_pb_video_box\"><iframe title=\"N&amp;S Buddhistische Zeremonie + Hochzeit im europ\u00e4ischen Stil am Strand. | Thailand-Fotoshooting\" width=\"1080\" height=\"608\" src=\"https:\/\/www.youtube.com\/embed\/Hloz2zTc3tY?feature=oembed&amp;controls=1\"  allow=\"accelerometer; autoplay; clipboard-write; encrypted-media; gyroscope; picture-in-picture; web-share\" referrerpolicy=\"strict-origin-when-cross-origin\" allowfullscreen><\/iframe><\/div><\/div><\/div><\/div><\/div><div class=\"et_pb_section_9 et_pb_section et_section_regular et_block_section\"><div class=\"et_pb_row_9 et_pb_row et_block_row\"><div class=\"et_pb_column_11 et_pb_column et_pb_column_4_4 et-last-child et_block_column et_pb_css_mix_blend_mode_passthrough\"><div class=\"et_pb_divider_3 et_pb_divider et_pb_space et_pb_divider_position_top et_pb_module\"><div class=\"et_pb_divider_internal\"><\/div><\/div><\/div><\/div><\/div><div class=\"et_pb_section_10 et_pb_section et_section_regular et_block_section\"><div class=\"et_pb_row_10 et_pb_row et_block_row\"><div class=\"et_pb_column_12 et_pb_column et_pb_column_4_4 et-last-child et_block_column et_pb_css_mix_blend_mode_passthrough\"><div class=\"et_pb_text_4 et_pb_text et_pb_bg_layout_light et_pb_module et_block_module\"><div class=\"et_pb_text_inner\"><h3 style=\"text-align: center;\"><strong>Thail\u00e4ndische Zeremonie mit buddhistischen M\u00f6nchen in einem Tempel auf Koh Samui<\/strong><\/h3>\n<ul>\n<li>Transfer f\u00fcr ein Paar entlang der Strecke Hotel \u2013 Veranstaltungsort \u2013 Hotel;<\/li>\n<li>Lotusstrau\u00df f\u00fcr die Braut;<\/li>\n<li>Boutonniere f\u00fcr den Br\u00e4utigam;<\/li>\n<li>Segen von buddhistischen M\u00f6nchen;<\/li>\n<li>Eine Opfergabe f\u00fcr die M\u00f6nche, eine Spende f\u00fcr den Tempel, Blumen und Weihrauch f\u00fcr den Buddha;<\/li>\n<li>Professionelle Fotografie w\u00e4hrend der Zeremonie im Tempel.<\/li>\n<\/ul>\n<p><span style=\"text-decoration: underline;\"><a title=\"Kontakte\" href=\"http:\/\/romantica.su\/de\/kontakt\/\" target=\"_blank\" rel=\"noopener\">Stellen Sie eine Frage zur Hochzeitszeremonie&gt;&gt;&gt;<\/a><\/span><\/p>\n<\/div><\/div><\/div><\/div><\/div><div class=\"et_pb_section_11 et_pb_section et_section_regular et_block_section\"><div class=\"et_pb_row_11 et_pb_row et_block_row\"><div class=\"et_pb_column_13 et_pb_column et_pb_column_4_4 et-last-child et_block_column et_pb_css_mix_blend_mode_passthrough\"><div class=\"et_pb_divider_4 et_pb_divider et_pb_space et_pb_divider_position_top et_pb_module\"><div class=\"et_pb_divider_internal\"><\/div><\/div><\/div><\/div><\/div><div class=\"et_pb_section_12 et_pb_section et_section_regular et_block_section\"><div class=\"et_pb_row_12 et_pb_row et_block_row\"><div class=\"et_pb_column_14 et_pb_column et_pb_column_4_4 et-last-child et_block_column et_pb_css_mix_blend_mode_passthrough\"><div class=\"et_pb_text_5 et_pb_text et_pb_bg_layout_light et_pb_module et_block_module\"><div class=\"et_pb_text_inner\"><h3 style=\"text-align: center;\"><strong>Hochzeit im traditionellen thail\u00e4ndischen Stil auf Koh Samui<\/strong><\/h3>\n<p style=\"text-align: center;\">Segnung durch die M\u00f6nche im Tempel + \u201eRot Nam Sang\u201c-Zeremonie am Strand<\/p>\n<ul>\n<li>Vermietung spezieller M\u00f6bel f\u00fcr die \u201eRot Nam Song\u201c-Zeremonie am Strand;<\/li>\n<li>Verleih von thail\u00e4ndischer Nationalhochzeitskleidung f\u00fcr Braut und Br\u00e4utigam;<\/li>\n<li>\u00a0Blumenstrau\u00df f\u00fcr die Braut;<\/li>\n<li>Brautstrau\u00df (+ Amulette f\u00fcr Jungverm\u00e4hlten);<\/li>\n<li>Traditionelle handgemachte Jasmin-Hochzeitsgirlanden f\u00fcr das Paar;<\/li>\n<li>Transfer Hotel \u2013 Veranstaltungsort \u2013 Hotel;<\/li>\n<li>Heiratsurkunde (nicht rechtsverbindlich) in einer handgefertigten thail\u00e4ndischen Seidenmappe;<\/li>\n<li>Hochzeitskoordinator;<\/li>\n<li>Russischsprachiger Zeremonienmeister;<\/li>\n<li>Blumengestaltung des Veranstaltungsortes f\u00fcr die \u201eRot Nam Song\u201c-Zeremonie;<\/li>\n<li>Segen von buddhistischen M\u00f6nchen im Tempel;<\/li>\n<li>Eine Opfergabe f\u00fcr die M\u00f6nche, eine Spende f\u00fcr den Tempel, Blumen und Weihrauch f\u00fcr den Buddha;<\/li>\n<li>Vorl\u00e4ufiges Treffen mit dem Hochzeitskoordinator;<\/li>\n<li>Haare und Make-up von einem russischen Stylisten.<\/li>\n<\/ul>\n<p><span style=\"text-decoration: underline;\"><a href=\"http:\/\/romantica.su\/de\/kontakt\/\" target=\"_blank\" rel=\"noopener\">Stellen Sie eine Frage zur Hochzeitszeremonie&gt;&gt;&gt;<\/a><\/span><\/p>\n<\/div><\/div><\/div><\/div><\/div><div class=\"et_pb_section_13 et_pb_section et_section_regular et_block_section\"><div class=\"et_pb_row_13 et_pb_row et_block_row\"><div class=\"et_pb_column_15 et_pb_column et_pb_column_1_2 et_block_column et_pb_css_mix_blend_mode_passthrough\"><div class=\"et_pb_video_4 et_pb_video et_pb_module et_block_module\"><div class=\"et_pb_video_box\"><iframe title=\"Hochzeit Thailand. Akbar und Dilia romantisch.su\" width=\"1080\" height=\"608\" src=\"https:\/\/www.youtube.com\/embed\/RUjyhbmbjKg?feature=oembed&amp;controls=1\"  allow=\"accelerometer; autoplay; clipboard-write; encrypted-media; gyroscope; picture-in-picture; web-share\" referrerpolicy=\"strict-origin-when-cross-origin\" allowfullscreen><\/iframe><\/div><\/div><\/div><div class=\"et_pb_column_16 et_pb_column et_pb_column_1_2 et-last-child et_block_column et_pb_css_mix_blend_mode_passthrough\"><div class=\"et_pb_video_5 et_pb_video et_pb_module et_block_module\"><div class=\"et_pb_video_box\"><iframe title=\"Buddhistische Hochzeitszeremonie auf Koh Samui, Thailand | Traumzeremonie f\u00fcr A&amp;A\" width=\"1080\" height=\"608\" src=\"https:\/\/www.youtube.com\/embed\/9DD5tuhtW3E?feature=oembed&amp;controls=1\"  allow=\"accelerometer; autoplay; clipboard-write; encrypted-media; gyroscope; picture-in-picture; web-share\" referrerpolicy=\"strict-origin-when-cross-origin\" allowfullscreen><\/iframe><\/div><\/div><\/div><\/div><\/div>","protected":false},"excerpt":{"rendered":"","protected":false},"author":828751,"featured_media":0,"parent":0,"menu_order":0,"comment_status":"closed","ping_status":"closed","template":"","meta":{"footnotes":""},"class_list":["post-11720","page","type-page","status-publish","hentry"],"_links":{"self":[{"href":"https:\/\/romantica.su\/de\/wp-json\/wp\/v2\/pages\/11720","targetHints":{"allow":["GET"]}}],"collection":[{"href":"https:\/\/romantica.su\/de\/wp-json\/wp\/v2\/pages"}],"about":[{"href":"https:\/\/romantica.su\/de\/wp-json\/wp\/v2\/types\/page"}],"author":[{"embeddable":true,"href":"https:\/\/romantica.su\/de\/wp-json\/wp\/v2\/users\/828751"}],"replies":[{"embeddable":true,"href":"https:\/\/romantica.su\/de\/wp-json\/wp\/v2\/comments?post=11720"}],"version-history":[{"count":0,"href":"https:\/\/romantica.su\/de\/wp-json\/wp\/v2\/pages\/11720\/revisions"}],"wp:attachment":[{"href":"https:\/\/romantica.su\/de\/wp-json\/wp\/v2\/media?parent=11720"}],"curies":[{"name":"wp","href":"https:\/\/api.w.org\/{rel}","templated":true}]}}